{"id":2898,"date":"2016-06-03T21:06:23","date_gmt":"2016-06-03T21:06:23","guid":{"rendered":"http:\/\/34.253.136.193\/ga\/terms-and-conditions\/"},"modified":"2019-08-08T11:27:14","modified_gmt":"2019-08-08T11:27:14","slug":"terms-and-conditions","status":"publish","type":"page","link":"https:\/\/www.kilmainhamgaolmuseum.ie\/ga\/terms-and-conditions\/","title":{"rendered":"T\u00e9arma\u00ed agus Coinn\u00edollacha"},"content":{"rendered":"<p>[et_pb_section bb_built=&#8221;1&#8243; admin_label=&#8221;section&#8221; fullwidth=&#8221;off&#8221; specialty=&#8221;off&#8221; transparent_background=&#8221;off&#8221; background_color=&#8221;#754c00&#8243; inner_shadow=&#8221;off&#8221; parallax=&#8221;off&#8221; parallax_method=&#8221;off&#8221; allow_player_pause=&#8221;off&#8221; padding_mobile=&#8221;off&#8221; make_fullwidth=&#8221;off&#8221; use_custom_width=&#8221;off&#8221; width_unit=&#8221;on&#8221; make_equal=&#8221;off&#8221; use_custom_gutter=&#8221;off&#8221; gutter_width=&#8221;3&#8243; custom_padding_tablet=&#8221;50px|0|50px|0&#8243; custom_padding_last_edited=&#8221;on|desktop&#8221; inner_width=&#8221;auto&#8221; inner_max_width=&#8221;1080px&#8221; next_background_color=&#8221;rgba(255,255,255,0)&#8221;][et_pb_row admin_label=&#8221;row&#8221; background_position=&#8221;top_left&#8221; background_repeat=&#8221;repeat&#8221; background_size=&#8221;initial&#8221; width=&#8221;80%&#8221; max_width=&#8221;1080px&#8221;][et_pb_column type=&#8221;4_4&#8243; custom_padding__hover=&#8221;|||&#8221; custom_padding=&#8221;|||&#8221;][et_pb_text admin_label=&#8221;Terms and Conditions Header Text&#8221; background_layout=&#8221;dark&#8221; text_orientation=&#8221;left&#8221; use_border_color=&#8221;off&#8221; border_color=&#8221;#ffffff&#8221; border_style=&#8221;solid&#8221; text_font_size=&#8221;14&#8243; background_position=&#8221;top_left&#8221; background_repeat=&#8221;repeat&#8221; background_size=&#8221;initial&#8221;]<\/p>\n<h1>T\u00e9arma\u00ed agus Coinn\u00edollacha<\/h1>\n<p>[\/et_pb_text][\/et_pb_column][\/et_pb_row][\/et_pb_section][et_pb_section bb_built=&#8221;1&#8243; fullwidth=&#8221;off&#8221; specialty=&#8221;off&#8221; transparent_background=&#8221;on&#8221; allow_player_pause=&#8221;off&#8221; inner_shadow=&#8221;off&#8221; parallax=&#8221;off&#8221; parallax_method=&#8221;off&#8221; padding_mobile=&#8221;off&#8221; make_fullwidth=&#8221;off&#8221; use_custom_width=&#8221;off&#8221; width_unit=&#8221;on&#8221; make_equal=&#8221;off&#8221; use_custom_gutter=&#8221;off&#8221; gutter_width=&#8221;3&#8243; background_color=&#8221;rgba(255,255,255,0)&#8221; custom_padding_tablet=&#8221;50px|0|50px|0&#8243; custom_padding_last_edited=&#8221;on|desktop&#8221; inner_width=&#8221;auto&#8221; inner_max_width=&#8221;1080px&#8221; prev_background_color=&#8221;#754c00&#8243;][et_pb_row background_position=&#8221;top_left&#8221; background_repeat=&#8221;repeat&#8221; background_size=&#8221;initial&#8221; width=&#8221;80%&#8221; max_width=&#8221;1080px&#8221;][et_pb_column type=&#8221;4_4&#8243; custom_padding__hover=&#8221;|||&#8221; custom_padding=&#8221;|||&#8221;][et_pb_text use_border_color=&#8221;off&#8221; background_position=&#8221;top_left&#8221; background_repeat=&#8221;repeat&#8221; background_size=&#8221;initial&#8221; _builder_version=&#8221;3.26.6&#8243; text_line_height=&#8221;2em&#8221; text_text_shadow_horizontal_length=&#8221;text_text_shadow_style,%91object Object%93&#8243; text_text_shadow_horizontal_length_tablet=&#8221;0px&#8221; text_text_shadow_vertical_length=&#8221;text_text_shadow_style,%91object Object%93&#8243; text_text_shadow_vertical_length_tablet=&#8221;0px&#8221; text_text_shadow_blur_strength=&#8221;text_text_shadow_style,%91object Object%93&#8243; text_text_shadow_blur_strength_tablet=&#8221;1px&#8221; link_text_shadow_horizontal_length=&#8221;link_text_shadow_style,%91object Object%93&#8243; link_text_shadow_horizontal_length_tablet=&#8221;0px&#8221; link_text_shadow_vertical_length=&#8221;link_text_shadow_style,%91object Object%93&#8243; link_text_shadow_vertical_length_tablet=&#8221;0px&#8221; link_text_shadow_blur_strength=&#8221;link_text_shadow_style,%91object Object%93&#8243; link_text_shadow_blur_strength_tablet=&#8221;1px&#8221; ul_text_shadow_horizontal_length=&#8221;ul_text_shadow_style,%91object Object%93&#8243; ul_text_shadow_horizontal_length_tablet=&#8221;0px&#8221; ul_text_shadow_vertical_length=&#8221;ul_text_shadow_style,%91object Object%93&#8243; ul_text_shadow_vertical_length_tablet=&#8221;0px&#8221; ul_text_shadow_blur_strength=&#8221;ul_text_shadow_style,%91object Object%93&#8243; ul_text_shadow_blur_strength_tablet=&#8221;1px&#8221; ol_text_shadow_horizontal_length=&#8221;ol_text_shadow_style,%91object Object%93&#8243; ol_text_shadow_horizontal_length_tablet=&#8221;0px&#8221; ol_text_shadow_vertical_length=&#8221;ol_text_shadow_style,%91object Object%93&#8243; ol_text_shadow_vertical_length_tablet=&#8221;0px&#8221; ol_text_shadow_blur_strength=&#8221;ol_text_shadow_style,%91object Object%93&#8243; ol_text_shadow_blur_strength_tablet=&#8221;1px&#8221; quote_text_shadow_horizontal_length=&#8221;quote_text_shadow_style,%91object Object%93&#8243; quote_text_shadow_horizontal_length_tablet=&#8221;0px&#8221; quote_text_shadow_vertical_length=&#8221;quote_text_shadow_style,%91object Object%93&#8243; quote_text_shadow_vertical_length_tablet=&#8221;0px&#8221; quote_text_shadow_blur_strength=&#8221;quote_text_shadow_style,%91object Object%93&#8243; quote_text_shadow_blur_strength_tablet=&#8221;1px&#8221; header_text_shadow_horizontal_length=&#8221;header_text_shadow_style,%91object Object%93&#8243; header_text_shadow_horizontal_length_tablet=&#8221;0px&#8221; header_text_shadow_vertical_length=&#8221;header_text_shadow_style,%91object Object%93&#8243; header_text_shadow_vertical_length_tablet=&#8221;0px&#8221; header_text_shadow_blur_strength=&#8221;header_text_shadow_style,%91object Object%93&#8243; header_text_shadow_blur_strength_tablet=&#8221;1px&#8221; header_2_text_shadow_horizontal_length=&#8221;header_2_text_shadow_style,%91object Object%93&#8243; header_2_text_shadow_horizontal_length_tablet=&#8221;0px&#8221; header_2_text_shadow_vertical_length=&#8221;header_2_text_shadow_style,%91object Object%93&#8243; header_2_text_shadow_vertical_length_tablet=&#8221;0px&#8221; header_2_text_shadow_blur_strength=&#8221;header_2_text_shadow_style,%91object Object%93&#8243; header_2_text_shadow_blur_strength_tablet=&#8221;1px&#8221; header_3_text_shadow_horizontal_length=&#8221;header_3_text_shadow_style,%91object Object%93&#8243; header_3_text_shadow_horizontal_length_tablet=&#8221;0px&#8221; header_3_text_shadow_vertical_length=&#8221;header_3_text_shadow_style,%91object Object%93&#8243; header_3_text_shadow_vertical_length_tablet=&#8221;0px&#8221; header_3_text_shadow_blur_strength=&#8221;header_3_text_shadow_style,%91object Object%93&#8243; header_3_text_shadow_blur_strength_tablet=&#8221;1px&#8221; header_4_text_shadow_horizontal_length=&#8221;header_4_text_shadow_style,%91object Object%93&#8243; header_4_text_shadow_horizontal_length_tablet=&#8221;0px&#8221; header_4_text_shadow_vertical_length=&#8221;header_4_text_shadow_style,%91object Object%93&#8243; header_4_text_shadow_vertical_length_tablet=&#8221;0px&#8221; header_4_text_shadow_blur_strength=&#8221;header_4_text_shadow_style,%91object Object%93&#8243; header_4_text_shadow_blur_strength_tablet=&#8221;1px&#8221; header_5_text_shadow_horizontal_length=&#8221;header_5_text_shadow_style,%91object Object%93&#8243; header_5_text_shadow_horizontal_length_tablet=&#8221;0px&#8221; header_5_text_shadow_vertical_length=&#8221;header_5_text_shadow_style,%91object Object%93&#8243; header_5_text_shadow_vertical_length_tablet=&#8221;0px&#8221; header_5_text_shadow_blur_strength=&#8221;header_5_text_shadow_style,%91object Object%93&#8243; header_5_text_shadow_blur_strength_tablet=&#8221;1px&#8221; header_6_text_shadow_horizontal_length=&#8221;header_6_text_shadow_style,%91object Object%93&#8243; header_6_text_shadow_horizontal_length_tablet=&#8221;0px&#8221; header_6_text_shadow_vertical_length=&#8221;header_6_text_shadow_style,%91object Object%93&#8243; header_6_text_shadow_vertical_length_tablet=&#8221;0px&#8221; header_6_text_shadow_blur_strength=&#8221;header_6_text_shadow_style,%91object Object%93&#8243; header_6_text_shadow_blur_strength_tablet=&#8221;1px&#8221; box_shadow_horizontal_tablet=&#8221;0px&#8221; box_shadow_vertical_tablet=&#8221;0px&#8221; box_shadow_blur_tablet=&#8221;40px&#8221; box_shadow_spread_tablet=&#8221;0px&#8221; z_index_tablet=&#8221;500&#8243;]<\/p>\n<p>1. N\u00ed thabharfar ais\u00edoca\u00edocht ar thic\u00e9id a cheanna\u00edtear ar l\u00edne ach amh\u00e1in:<br \/>a. M\u00e1 th\u00e9ann t\u00fa i dteagmh\u00e1il leis an su\u00edomh taobh istigh de uair amh\u00e1in tar \u00e9is an cheannaigh<br \/>b. M\u00e1 t\u00e1 ar an su\u00edomh do chuairt a chur ar ceal.<br \/>Sna c\u00e1sanna seo, tabharfaimid ais\u00edoca\u00edocht ioml\u00e1n<br \/>2. N\u00ed f\u00e9idir tic\u00e9id a cheanna\u00edtear ar l\u00edne a mhalart\u00fa. N\u00ed f\u00e9idir na tic\u00e9id nach n-aisc\u00edoctar faoi na t\u00e9arma\u00ed a leagtar s\u00edos in Alt 1) a athr\u00fa in aon chor<br \/>3. N\u00ed f\u00e9idir tic\u00e9id a cheanna\u00edtear ar l\u00edne a aistri\u00fa go duine eile<br \/>4. Caithfear an c\u00e1rta lascaine cu\u00ed a thaispe\u00e1int ar theacht isteach m\u00e1 cheanna\u00edtear tic\u00e9id mic l\u00e9inn n\u00f3 tic\u00e9id do chuairteoir\u00ed le C\u00e1rta\u00ed Oidhreachta, mura bhfuil s\u00e9 ann beidh an t\u00e1ille isteach ioml\u00e1n de dh\u00edth. Is ag foireann an tsu\u00edmh a bheidh an cinneadh deiridh agus n\u00ed athr\u00f3far cinneadh an chomhlachta<br \/>5. N\u00ed cheada\u00edtear \u00e1irithint\u00ed gr\u00fapa ar l\u00edne agus caithfear iad a dh\u00e9anamh tr\u00ed theagmh\u00e1il a dh\u00e9anamh le gach l\u00e1thair ar bhonn aonair; f\u00e9ach, le do thoil, coinn\u00edollacha iontr\u00e1lacha gach l\u00e1ithre\u00e1in. M\u00e1 theipeann ort meas a l\u00e9iri\u00fa ar na riachtanais \u00e1irithinte ar l\u00edne, di\u00falt\u00f3far cead isteach duit agus n\u00ed ais\u00edocfar na tic\u00e9id. M\u00e1 bhaineann t\u00fa m\u00ed-\u00fas\u00e1id as an gc\u00f3ras \u00e1irithinte ar l\u00edne, b\u2019fh\u00e9idir nach mbeidh t\u00fa in ann \u00e1irithint\u00ed a dh\u00e9anamh amach anseo<br \/>6. Le tic\u00e9id ina bhfuil am \u00e1irithe i gceist, n\u00ed fhreastal\u00f3far ar theacht d\u00e9anach agus n\u00ed ais\u00edocfar tic\u00e9id<br \/>7. \u00das\u00e1idfear aon eolas pearsanta a thugann t\u00fa d\u00fainn don chusp\u00f3ir cu\u00ed amh\u00e1\u00edn. Is \u00e9 an beartas at\u00e1 againn gan eolas teicni\u00fail a nochtadh maidir le cuairteoir idirl\u00edn ar leith d&#8217;aon thr\u00ed\u00fa p\u00e1irt\u00ed riamh mura gcaitear \u00e9 a dh\u00e9anamh faoi riail an dl\u00ed. N\u00ed \u00fas\u00e1idfear an t-eolas teicni\u00fail ach amh\u00e1in do chusp\u00f3ir\u00ed staitisti\u00fala agus riarach\u00e1n. Tabhair faoi deara nach n-ionann sonra\u00ed teicni\u00fala nach mbaineann le duine ar leith agus &#8216;sonra\u00ed pearsanta&#8217; chun cr\u00edocha na nAchtanna um Chosaint Sonra\u00ed, 1988-2003<br \/>8. Caithfear gach \u00e1irithint clo\u00ed leis na rialacha agus na rialach\u00e1in a leagtar amach sa R\u00e1iteas um Chosaint Leana\u00ed at\u00e1 ag Oifig na nOibreacha Poibl\u00ed. Mura nglactar leis, di\u00falt\u00f3far cead isteach agus n\u00ed ais\u00edocfar tic\u00e9\u00edd.<br \/>Moltar do scoileanna gur f\u00e9idir leo leas a bhaint as Sc\u00e9im na dTuras Oideachas\u00fala Saor in Aisce do Scoileanna ach n\u00ed f\u00e9idir \u00e1irithint\u00ed a dh\u00e9anamh ar l\u00edne. Chun g\u00e9illeadh leis an R\u00e1iteas um Sh\u00e1bh\u00e1ilteacht Leana\u00ed, ba ch\u00f3ir d&#8217;eagraithe eolas a chur ar choinn\u00edollacha na Sc\u00e9ime agus teagmh\u00e1il d\u00edreach a dh\u00e9anamh le gach su\u00edomh chun a dturais a eagr\u00fa<br \/>9. Tuigtear go bhfuil t\u00fa tar \u00e9is rochtain na su\u00edomhanna a sheice\u00e1il agus gur aithn\u00edonn t\u00fa na srianta agus na cont\u00fairt\u00ed f\u00e9ideartha nuair a ghlacfar le d&#8217;\u00e1irithint. N\u00ed thabharfar ais\u00edoca\u00edocht do sheirbh\u00eds\u00ed nach n-\u00fas\u00e1idtear<br \/>10. Caithfear dearbh\u00e1in\/lascain\u00ed a fhuascailt ag am ceannaigh agus n\u00ed f\u00e9idir iad a \u00fas\u00e1id d&#8217;aon chusp\u00f3ir eile seachas lascain\u00ed n\u00f3 duaiseanna \u00e1irithe a fhuascailt. N\u00ed f\u00e9idir ais\u00edoca\u00edocht a fh\u00e1il \u00f3 dhearbh\u00e1in\/lascain\u00ed d\u00e1 luach airgid tirim. N\u00ed bheidh roinnt tairiscint\u00ed ar f\u00e1il do r\u00e9amh\u00e1irithint\u00ed; breathnaigh ar th\u00e9arma\u00ed agus coinn\u00edollacha na tairisceana le do thoil<br \/>11. T\u00e1imid tiomanta do shol\u00e1thar seirbhis\u00ed \u00e9ifeacht\u00fala den scoth d\u00e1r gcustaim\u00e9ir\u00ed de r\u00e9ir Chairt Chustaim\u00e9ir\u00ed Oifig na nOibreacha Poibl\u00ed. Faraor, m\u00e1 t\u00e1 gear\u00e1n agat, d\u00e9an teagmh\u00e1il d\u00edreach leis an su\u00edomh chomh luath agus is f\u00e9idir. D\u00e9anfaidh siad fiosr\u00fach\u00e1n ioml\u00e1n air agus d\u00e9anfaidh siad gach iarracht r\u00e9as\u00fanta chun \u00e9 a r\u00e9iti\u00fa. Mura bhfuil t\u00fa s\u00e1sta le r\u00e9iteach an ghear\u00e1in, rachaidh s\u00e9 chuig Ceannasa\u00ed na Rann\u00f3ige cu\u00ed<br \/>12. D\u2019fh\u00e9adfadh go mbrathfadh oscailt l\u00e1ithre\u00e1n de chuid Oifig na nOibreacha Poibl\u00ed ar an aimsir agus chun s\u00e1bh\u00e1ilteacht agus foll\u00e1ine gach duine a dheimhni\u00fa, d\u2019fh\u00e9adfa\u00ed go mbeadh rochtain faoi r\u00e9ir athuithe ar gearrfh\u00f3gra. D\u00e9anfar gach iarracht chun na hiaimh seo a fh\u00f3gairt roimh am ach m\u00e1 t\u00e1 aon amhras ort, d\u00e9an seice\u00e1il leis an l\u00e1thair le do thoil le haghaidh a St\u00e1das Oscailte\/D\u00fanta<\/p>\n<p>[\/et_pb_text][\/et_pb_column][\/et_pb_row][\/et_pb_section]<\/p>\n","protected":false},"excerpt":{"rendered":"<p>T\u00e9arma\u00ed agus Coinn\u00edollacha 1. N\u00ed thabharfar ais\u00edoca\u00edocht ar thic\u00e9id a cheanna\u00edtear ar l\u00edne ach amh\u00e1in:a. M\u00e1 th\u00e9ann t\u00fa i dteagmh\u00e1il leis an su\u00edomh taobh istigh de uair amh\u00e1in tar \u00e9is an cheannaighb. M\u00e1 t\u00e1 ar an su\u00edomh do chuairt a chur ar ceal.Sna c\u00e1sanna seo, tabharfaimid ais\u00edoca\u00edocht ioml\u00e1n2. N\u00ed f\u00e9idir tic\u00e9id a cheanna\u00edtear ar l\u00edne [&hellip;]<\/p>\n","protected":false},"author":8,"featured_media":0,"parent":0,"menu_order":0,"comment_status":"closed","ping_status":"closed","template":"","meta":{"_et_pb_use_builder":"on","_et_pb_old_content":"","_et_gb_content_width":"","footnotes":""},"class_list":["post-2898","page","type-page","status-publish","hentry"],"_links":{"self":[{"href":"https:\/\/www.kilmainhamgaolmuseum.ie\/ga\/wp-json\/wp\/v2\/pages\/2898","targetHints":{"allow":["GET"]}}],"collection":[{"href":"https:\/\/www.kilmainhamgaolmuseum.ie\/ga\/wp-json\/wp\/v2\/pages"}],"about":[{"href":"https:\/\/www.kilmainhamgaolmuseum.ie\/ga\/wp-json\/wp\/v2\/types\/page"}],"author":[{"embeddable":true,"href":"https:\/\/www.kilmainhamgaolmuseum.ie\/ga\/wp-json\/wp\/v2\/users\/8"}],"replies":[{"embeddable":true,"href":"https:\/\/www.kilmainhamgaolmuseum.ie\/ga\/wp-json\/wp\/v2\/comments?post=2898"}],"version-history":[{"count":5,"href":"https:\/\/www.kilmainhamgaolmuseum.ie\/ga\/wp-json\/wp\/v2\/pages\/2898\/revisions"}],"predecessor-version":[{"id":3481,"href":"https:\/\/www.kilmainhamgaolmuseum.ie\/ga\/wp-json\/wp\/v2\/pages\/2898\/revisions\/3481"}],"wp:attachment":[{"href":"https:\/\/www.kilmainhamgaolmuseum.ie\/ga\/wp-json\/wp\/v2\/media?parent=2898"}],"curies":[{"name":"wp","href":"https:\/\/api.w.org\/{rel}","templated":true}]}}