{"id":2758,"date":"2016-03-29T09:52:22","date_gmt":"2016-03-29T09:52:22","guid":{"rendered":"http:\/\/34.253.136.193\/ga\/commemoration-tickets\/"},"modified":"2016-03-31T09:55:33","modified_gmt":"2016-03-31T09:55:33","slug":"commemoration-tickets","status":"publish","type":"page","link":"https:\/\/www.kilmainhamgaolmuseum.ie\/ga\/commemoration-tickets\/","title":{"rendered":"Commemoration Tickets"},"content":{"rendered":"<p>[et_pb_section admin_label=&#8221;section&#8221; fullwidth=&#8221;off&#8221; specialty=&#8221;off&#8221; transparent_background=&#8221;on&#8221; background_color=&#8221;#754c00&#8243; inner_shadow=&#8221;off&#8221; parallax=&#8221;off&#8221; parallax_method=&#8221;off&#8221; allow_player_pause=&#8221;off&#8221; padding_mobile=&#8221;off&#8221; make_fullwidth=&#8221;off&#8221; use_custom_width=&#8221;off&#8221; width_unit=&#8221;on&#8221; make_equal=&#8221;off&#8221; use_custom_gutter=&#8221;off&#8221; gutter_width=&#8221;3&#8243;][et_pb_row admin_label=&#8221;row&#8221;][et_pb_column type=&#8221;4_4&#8243;][et_pb_divider admin_label=&#8221;Divider&#8221; color=&#8221;#ffffff&#8221; show_divider=&#8221;off&#8221; height=&#8221;100&#8243; divider_style=&#8221;solid&#8221; divider_position=&#8221;top&#8221; divider_weight=&#8221;1&#8243; hide_on_mobile=&#8221;on&#8221;] [\/et_pb_divider][\/et_pb_column][\/et_pb_row][et_pb_row admin_label=&#8221;Row&#8221;][et_pb_column type=&#8221;4_4&#8243;][et_pb_text admin_label=&#8221;Text&#8221; background_layout=&#8221;light&#8221; text_orientation=&#8221;left&#8221; text_font_size=&#8221;14&#8243; use_border_color=&#8221;off&#8221; border_color=&#8221;#ffffff&#8221; border_style=&#8221;solid&#8221;]<\/p>\n<h3 style=\"text-align: center;\">T\u00e1 na tic\u00e9id saor in aisce a tairgeadh mar chuid de chom\u00f3radh 1916 go l\u00e9ir curtha in \u00e1irithe anois.<br \/>\nBeidh cuairteoir\u00ed \u00e1balta tic\u00e9id \u00edoctha a chur in \u00e1irithe \u00f3n 8 Aibre\u00e1n.<br \/>\nLean na cuntais <span style=\"text-decoration: underline;\"><a href=\"https:\/\/www.facebook.com\/heritageireland\" target=\"_blank\">Facebook<\/a><\/span> agus <span style=\"text-decoration: underline;\"><a href=\"https:\/\/twitter.com\/opwireland\" target=\"_blank\">Twitter<\/a><\/span> againn chun uasd\u00e1t\u00fa a fh\u00e1il, n\u00f3 seice\u00e1il an su\u00edomh idirl\u00edn ar\u00eds ag an bpointe sin.<\/h3>\n<p>[\/et_pb_text][\/et_pb_column][\/et_pb_row][et_pb_row admin_label=&#8221;Row&#8221;][et_pb_column type=&#8221;1_3&#8243;][et_pb_image admin_label=&#8221;Image&#8221; src=&#8221;http:\/\/34.253.136.193\/wp-content\/uploads\/2016\/03\/image-2.jpg&#8221; show_in_lightbox=&#8221;off&#8221; url_new_window=&#8221;off&#8221; animation=&#8221;off&#8221; sticky=&#8221;off&#8221; align=&#8221;center&#8221; force_fullwidth=&#8221;off&#8221; always_center_on_mobile=&#8221;on&#8221; use_border_color=&#8221;off&#8221; border_color=&#8221;#ffffff&#8221; border_style=&#8221;solid&#8221;] [\/et_pb_image][\/et_pb_column][et_pb_column type=&#8221;1_3&#8243;][et_pb_image admin_label=&#8221;Image&#8221; src=&#8221;http:\/\/34.253.136.193\/wp-content\/uploads\/2016\/03\/image-1-1.jpg&#8221; show_in_lightbox=&#8221;off&#8221; url_new_window=&#8221;off&#8221; animation=&#8221;off&#8221; sticky=&#8221;off&#8221; align=&#8221;center&#8221; force_fullwidth=&#8221;off&#8221; always_center_on_mobile=&#8221;on&#8221; use_border_color=&#8221;off&#8221; border_color=&#8221;#ffffff&#8221; border_style=&#8221;solid&#8221;] [\/et_pb_image][\/et_pb_column][et_pb_column type=&#8221;1_3&#8243;][et_pb_image admin_label=&#8221;Image&#8221; src=&#8221;http:\/\/34.253.136.193\/wp-content\/uploads\/2016\/03\/000c0310-642.jpg&#8221; show_in_lightbox=&#8221;off&#8221; url_new_window=&#8221;off&#8221; animation=&#8221;off&#8221; sticky=&#8221;off&#8221; align=&#8221;center&#8221; force_fullwidth=&#8221;off&#8221; always_center_on_mobile=&#8221;on&#8221; use_border_color=&#8221;off&#8221; border_color=&#8221;#ffffff&#8221; border_style=&#8221;solid&#8221;] [\/et_pb_image][\/et_pb_column][\/et_pb_row][\/et_pb_section]<\/p>\n","protected":false},"excerpt":{"rendered":"<p>T\u00e1 na tic\u00e9id saor in aisce a tairgeadh mar chuid de chom\u00f3radh 1916 go l\u00e9ir curtha in \u00e1irithe anois. Beidh cuairteoir\u00ed \u00e1balta tic\u00e9id \u00edoctha a chur in \u00e1irithe \u00f3n 8 Aibre\u00e1n. Lean na cuntais Facebook agus Twitter againn chun uasd\u00e1t\u00fa a fh\u00e1il, n\u00f3 seice\u00e1il an su\u00edomh idirl\u00edn ar\u00eds ag an bpointe sin.<\/p>\n","protected":false},"author":8,"featured_media":0,"parent":0,"menu_order":0,"comment_status":"closed","ping_status":"closed","template":"","meta":{"_et_pb_use_builder":"on","_et_pb_old_content":"","_et_gb_content_width":"","footnotes":""},"class_list":["post-2758","page","type-page","status-publish","hentry"],"_links":{"self":[{"href":"https:\/\/www.kilmainhamgaolmuseum.ie\/ga\/wp-json\/wp\/v2\/pages\/2758","targetHints":{"allow":["GET"]}}],"collection":[{"href":"https:\/\/www.kilmainhamgaolmuseum.ie\/ga\/wp-json\/wp\/v2\/pages"}],"about":[{"href":"https:\/\/www.kilmainhamgaolmuseum.ie\/ga\/wp-json\/wp\/v2\/types\/page"}],"author":[{"embeddable":true,"href":"https:\/\/www.kilmainhamgaolmuseum.ie\/ga\/wp-json\/wp\/v2\/users\/8"}],"replies":[{"embeddable":true,"href":"https:\/\/www.kilmainhamgaolmuseum.ie\/ga\/wp-json\/wp\/v2\/comments?post=2758"}],"version-history":[{"count":2,"href":"https:\/\/www.kilmainhamgaolmuseum.ie\/ga\/wp-json\/wp\/v2\/pages\/2758\/revisions"}],"predecessor-version":[{"id":2760,"href":"https:\/\/www.kilmainhamgaolmuseum.ie\/ga\/wp-json\/wp\/v2\/pages\/2758\/revisions\/2760"}],"wp:attachment":[{"href":"https:\/\/www.kilmainhamgaolmuseum.ie\/ga\/wp-json\/wp\/v2\/media?parent=2758"}],"curies":[{"name":"wp","href":"https:\/\/api.w.org\/{rel}","templated":true}]}}