{"id":2569,"date":"2016-01-31T18:18:17","date_gmt":"2016-01-31T18:18:17","guid":{"rendered":"http:\/\/34.253.136.193\/ga\/resources\/"},"modified":"2025-08-19T13:30:48","modified_gmt":"2025-08-19T13:30:48","slug":"resources","status":"publish","type":"page","link":"https:\/\/www.kilmainhamgaolmuseum.ie\/ga\/resources\/","title":{"rendered":"Acmhainn\u00ed"},"content":{"rendered":"<p>[et_pb_section admin_label=&#8221;section&#8221; fullwidth=&#8221;off&#8221; specialty=&#8221;off&#8221; transparent_background=&#8221;off&#8221; background_color=&#8221;#754c00&#8243; inner_shadow=&#8221;off&#8221; parallax=&#8221;off&#8221; parallax_method=&#8221;off&#8221; allow_player_pause=&#8221;off&#8221; padding_mobile=&#8221;off&#8221; make_fullwidth=&#8221;off&#8221; use_custom_width=&#8221;off&#8221; width_unit=&#8221;on&#8221; make_equal=&#8221;off&#8221; use_custom_gutter=&#8221;off&#8221; gutter_width=&#8221;3&#8243;][et_pb_row admin_label=&#8221;row&#8221;][et_pb_column type=&#8221;4_4&#8243;][et_pb_text admin_label=&#8221;Resources Header Text&#8221; background_layout=&#8221;dark&#8221; text_orientation=&#8221;left&#8221; use_border_color=&#8221;off&#8221; border_color=&#8221;#ffffff&#8221; border_style=&#8221;solid&#8221; text_font_size=&#8221;14&#8243;]<\/p>\n<h1>Acmhainn\u00ed<\/h1>\n<p>[\/et_pb_text][\/et_pb_column][\/et_pb_row][\/et_pb_section][et_pb_section admin_label=&#8221;Section&#8221; fullwidth=&#8221;off&#8221; specialty=&#8221;off&#8221; transparent_background=&#8221;on&#8221; allow_player_pause=&#8221;off&#8221; inner_shadow=&#8221;off&#8221; parallax=&#8221;off&#8221; parallax_method=&#8221;off&#8221; padding_mobile=&#8221;off&#8221; make_fullwidth=&#8221;off&#8221; use_custom_width=&#8221;off&#8221; width_unit=&#8221;on&#8221; make_equal=&#8221;off&#8221; use_custom_gutter=&#8221;off&#8221; gutter_width=&#8221;3&#8243;][et_pb_row admin_label=&#8221;Row&#8221;][et_pb_column type=&#8221;2_3&#8243;][et_pb_text admin_label=&#8221;Intro Text&#8221; background_layout=&#8221;light&#8221; text_orientation=&#8221;left&#8221; text_font_size=&#8221;14&#8243; use_border_color=&#8221;off&#8221; border_color=&#8221;#ffffff&#8221; border_style=&#8221;solid&#8221;]<\/p>\n<h5>T\u00e1 \u00e1thas orainn a bheith \u00e1balta roinnt c\u00e1ip\u00e9is\u00ed an-t\u00e1bhachtacha a bhaineann le Pr\u00edos\u00fan Chill Mhaighneann a chur ar f\u00e1il don phobal.<\/h5>\n<p>Br\u00faigh ar \u00edomh\u00e1 an doicim\u00e9id chun teacht ar an PDF ioml\u00e1n ar f\u00e9idir a l\u00e9amh ar l\u00edne n\u00f3 a \u00edosl\u00f3d\u00e1\u00edl go dt\u00ed do r\u00edomhaire f\u00e9in. D\u00e9an tagairt do Mh\u00fasaem Phr\u00edos\u00fan Chill Mhaighneann in aon \u00fas\u00e1id a bhaintear as na doicim\u00e9id seo, le do thoil.<\/p>\n<p>Freastala\u00edonn M\u00fasaem Phr\u00edos\u00fan Chill Mhaighneann orthu si\u00fad at\u00e1 i mbun taighde staire tr\u00ed rochtain ar an mbaili\u00fach\u00e1n st\u00f3ir a chead\u00fa. Is g\u00e1 coinne a dh\u00e9anamh chun rochtain a fh\u00e1il ar an mbaili\u00fach\u00e1n st\u00f3ir. Chun coinne a dh\u00e9anamh, t\u00e9igh i dteagmh\u00e1il linn tr\u00edd an bhfoirm fiosr\u00fach\u00e1in.<\/p>\n<p>Scrollaigh s\u00edos chun teacht ar eolas faoi thaighde ginealaigh ag an bPr\u00edos\u00fan.<\/p>\n<p>[\/et_pb_text][\/et_pb_column][et_pb_column type=&#8221;1_3&#8243;][et_pb_text admin_label=&#8221;Query Form Text&#8221; background_layout=&#8221;light&#8221; text_orientation=&#8221;left&#8221; text_font_size=&#8221;14&#8243; use_border_color=&#8221;off&#8221; border_color=&#8221;#ffffff&#8221; border_style=&#8221;solid&#8221;]<\/p>\n<p><iframe loading=\"lazy\" src=\"https:\/\/docs.google.com\/forms\/d\/1Q5rrknewgKsvyx5TssB88Atk5AUmStlW6sYkoQzIdUA\/viewform?embedded=true\" width=\"760\" height=\"500\" frameborder=\"0\" marginwidth=\"0\" marginheight=\"0\">Loading&#8230;<\/iframe><\/p>\n<p>[\/et_pb_text][\/et_pb_column][\/et_pb_row][et_pb_row admin_label=&#8221;Row&#8221;][et_pb_column type=&#8221;4_4&#8243;][et_pb_divider admin_label=&#8221;Divider&#8221; color=&#8221;#515151&#8243; show_divider=&#8221;on&#8221; divider_style=&#8221;solid&#8221; divider_position=&#8221;top&#8221; hide_on_mobile=&#8221;off&#8221;]<br \/>\n[\/et_pb_divider][\/et_pb_column][\/et_pb_row][et_pb_row admin_label=&#8221;Row&#8221;][et_pb_column type=&#8221;1_4&#8243;][et_pb_image admin_label=&#8221;Photocopied List of Names Image&#8221; src=&#8221;http:\/\/34.253.136.193\/wp-content\/uploads\/2016\/02\/Screen-Shot-2016-02-21-at-11.01.37-e1456081547631.png&#8221; show_in_lightbox=&#8221;off&#8221; url=&#8221;http:\/\/34.253.136.193\/wp-content\/uploads\/2016\/02\/05MS-1D46-14-List-of-names-1848.pdf&#8221; url_new_window=&#8221;on&#8221; animation=&#8221;off&#8221; sticky=&#8221;off&#8221; align=&#8221;center&#8221; force_fullwidth=&#8221;off&#8221; always_center_on_mobile=&#8221;on&#8221; use_border_color=&#8221;off&#8221; border_color=&#8221;#ffffff&#8221; border_style=&#8221;solid&#8221;]<br \/>\n[\/et_pb_image][\/et_pb_column][et_pb_column type=&#8221;3_4&#8243;][et_pb_text admin_label=&#8221;Text&#8221; background_layout=&#8221;light&#8221; text_orientation=&#8221;left&#8221; text_font_size=&#8221;14&#8243; use_border_color=&#8221;off&#8221; border_color=&#8221;#ffffff&#8221; border_style=&#8221;solid&#8221;]<\/p>\n<h4>Liosta ainmneacha f\u00f3tach\u00f3ipe\u00e1ilte, Pr\u00edos\u00fan Chill Mhaighneann, I\u00fail 1848<\/h4>\n<h6>05MS-1D46-14<\/h6>\n<p>\u00c1bhar f\u00f3tach\u00f3ipe\u00e1ilte a bhaineann le roinnt fear a gabhadh i bPr\u00edos\u00fan Chill Mhaighneann tar \u00e9is \u00c9ir\u00ed Amach \u00c9ire \u00d3g i m\u00ed I\u00fail 1848. Dar le Ceannfort na bP\u00f3il\u00edn\u00ed go raibh amhras ann go raibh na fir s\u00e1ite i \u2018gCleachtais Thr\u00e9asacha\u2019.<\/p>\n<p>[\/et_pb_text][\/et_pb_column][\/et_pb_row][et_pb_row admin_label=&#8221;Row&#8221;][et_pb_column type=&#8221;4_4&#8243;][et_pb_divider admin_label=&#8221;Divider&#8221; color=&#8221;#515151&#8243; show_divider=&#8221;on&#8221; divider_style=&#8221;solid&#8221; divider_position=&#8221;top&#8221; hide_on_mobile=&#8221;off&#8221;]<br \/>\n[\/et_pb_divider][\/et_pb_column][\/et_pb_row][et_pb_row admin_label=&#8221;Row&#8221;][et_pb_column type=&#8221;1_4&#8243;][et_pb_image admin_label=&#8221;Constitution of the Irish Volunteers Image&#8221; src=&#8221;http:\/\/34.253.136.193\/wp-content\/uploads\/2016\/02\/Screen-Shot-2016-02-21-at-11.01.49-e1456081558404.png&#8221; show_in_lightbox=&#8221;off&#8221; url=&#8221;http:\/\/34.253.136.193\/wp-content\/uploads\/2016\/02\/17PL-1C13-16-IV-Constitution.pdf&#8221; url_new_window=&#8221;on&#8221; animation=&#8221;off&#8221; sticky=&#8221;off&#8221; align=&#8221;center&#8221; force_fullwidth=&#8221;off&#8221; always_center_on_mobile=&#8221;on&#8221; use_border_color=&#8221;off&#8221; border_color=&#8221;#ffffff&#8221; border_style=&#8221;solid&#8221;]<br \/>\n[\/et_pb_image][\/et_pb_column][et_pb_column type=&#8221;3_4&#8243;][et_pb_text admin_label=&#8221;Text&#8221; background_layout=&#8221;light&#8221; text_orientation=&#8221;left&#8221; text_font_size=&#8221;14&#8243; use_border_color=&#8221;off&#8221; border_color=&#8221;#ffffff&#8221; border_style=&#8221;solid&#8221;]<\/p>\n<h4>Bunreacht \u00d3glaigh na h\u00c9ireann a Glacadh leis ag an gC\u00e9ad Chomhdh\u00e1il de chuid na n\u00d3glach, 25 Deireadh F\u00f3mhair 1914<\/h4>\n<h6>16PL-1C13-16<\/h6>\n<p>Bunreacht \u00d3glaigh na h\u00c9ireann a glacadh leis ag an gC\u00e9ad Chomhdh\u00e1il de chuid na n\u00d3glach, Amharclann na Mainistreach, Baile \u00c1tha Cliath, 25 Deireadh F\u00f3mhair 1914. Leagtar amach ann aidhmeanna na heagra\u00edochta mar aon le treoir maidir le roll\u00fa, raon agus c\u00f3ras eagr\u00fach\u00e1in agus rial\u00fa na n\u00d3glach.<\/p>\n<p>[\/et_pb_text][\/et_pb_column][\/et_pb_row][et_pb_row admin_label=&#8221;Row&#8221;][et_pb_column type=&#8221;4_4&#8243;][et_pb_divider admin_label=&#8221;Divider&#8221; color=&#8221;#515151&#8243; show_divider=&#8221;on&#8221; divider_style=&#8221;solid&#8221; divider_position=&#8221;top&#8221; hide_on_mobile=&#8221;off&#8221;]<br \/>\n[\/et_pb_divider][\/et_pb_column][\/et_pb_row][et_pb_row admin_label=&#8221;Row&#8221;][et_pb_column type=&#8221;1_4&#8243;][et_pb_image admin_label=&#8221;Programme of Commemoration.. Women Prisoners Image&#8221; src=&#8221;http:\/\/34.253.136.193\/wp-content\/uploads\/2016\/02\/Screen-Shot-2016-02-21-at-11.02.08-e1456081525903.png&#8221; show_in_lightbox=&#8221;off&#8221; url=&#8221;http:\/\/34.253.136.193\/wp-content\/uploads\/2016\/02\/KMGLM-2015.0086-Programme-of-Commemoration-1923.pdf&#8221; url_new_window=&#8221;on&#8221; animation=&#8221;off&#8221; sticky=&#8221;off&#8221; align=&#8221;center&#8221; force_fullwidth=&#8221;off&#8221; always_center_on_mobile=&#8221;on&#8221; use_border_color=&#8221;off&#8221; border_color=&#8221;#ffffff&#8221; border_style=&#8221;solid&#8221;]<br \/>\n[\/et_pb_image][\/et_pb_column][et_pb_column type=&#8221;3_4&#8243;][et_pb_text admin_label=&#8221;Text&#8221; background_layout=&#8221;light&#8221; text_orientation=&#8221;left&#8221; text_font_size=&#8221;14&#8243; use_border_color=&#8221;off&#8221; border_color=&#8221;#ffffff&#8221; border_style=&#8221;solid&#8221;]<\/p>\n<h4>Cl\u00e1r com\u00f3rtha a d\u2019eagraigh Banphr\u00edos\u00fanaigh Chogaidh Phoblachtacha i gCill Mhaighneann ar an 24 Aibre\u00e1n 1923<\/h4>\n<h6>KMGLM 2015.0086<\/h6>\n<p>Cl\u00e1r l\u00e1mhdh\u00e9anta do na h\u00f3c\u00e1id\u00ed com\u00f3rtha a d\u2019eagraigh na banphr\u00edos\u00fanaigh i bPr\u00edos\u00fan Chill Mhaighneann, 24 Aibre\u00e1n 1923. I measc na n-\u00f3c\u00e1id\u00ed bh\u00ed aifreann \u00e9agnairce do na fir a cuireadh chun b\u00e1is, \u00f3r\u00e1id\u00ed \u00f3 ghaolta na gceannair\u00ed marbha agus ansin ceolchoirm agus dr\u00e1ma san o\u00edche. D\u2019eagraigh na mn\u00e1 an \u00f3c\u00e1id seo mar chom\u00f3radh seacht mbliana ar Fhor\u00f3gra 1916.<\/p>\n<p>[\/et_pb_text][\/et_pb_column][\/et_pb_row][et_pb_row admin_label=&#8221;Row&#8221;][et_pb_column type=&#8221;4_4&#8243;][et_pb_divider admin_label=&#8221;Divider&#8221; color=&#8221;#515151&#8243; show_divider=&#8221;on&#8221; divider_style=&#8221;solid&#8221; divider_position=&#8221;top&#8221; hide_on_mobile=&#8221;off&#8221;]<br \/>\n[\/et_pb_divider][\/et_pb_column][\/et_pb_row][et_pb_row admin_label=&#8221;Row&#8221;][et_pb_column type=&#8221;1_4&#8243;][et_pb_image admin_label=&#8221;Closing Order Image&#8221; src=&#8221;http:\/\/34.253.136.193\/wp-content\/uploads\/2016\/01\/Screen-Shot-2016-01-31-at-18.26.14-e1454265411398.png&#8221; show_in_lightbox=&#8221;off&#8221; url=&#8221;http:\/\/34.253.136.193\/wp-content\/uploads\/2016\/01\/closure.compressed.pdf&#8221; url_new_window=&#8221;on&#8221; animation=&#8221;off&#8221; sticky=&#8221;off&#8221; align=&#8221;center&#8221; force_fullwidth=&#8221;off&#8221; always_center_on_mobile=&#8221;on&#8221; use_border_color=&#8221;off&#8221; border_color=&#8221;#ffffff&#8221; border_style=&#8221;solid&#8221;]<br \/>\n[\/et_pb_image][\/et_pb_column][et_pb_column type=&#8221;3_4&#8243;][et_pb_text admin_label=&#8221;Text&#8221; background_layout=&#8221;light&#8221; text_orientation=&#8221;left&#8221; text_font_size=&#8221;14&#8243; use_border_color=&#8221;off&#8221; border_color=&#8221;#ffffff&#8221; border_style=&#8221;solid&#8221;]<\/p>\n<h4>Ord\u00fa i dTaobh Pr\u00edos\u00fan Chill Mhaighneann (D\u00fanadh), 1929<\/h4>\n<h6>21LG-1D54-05<\/h6>\n<p>An t-ord\u00fa oifigi\u00fail a th\u00e1inig \u00f3 Shaorst\u00e1t \u00c9ireann chun Pr\u00edos\u00fan Chill Mhaighneann a dh\u00fanadh. D\u00fanadh Pr\u00edos\u00fan Chill Mhaighneann go deo in 1929.<\/p>\n<p>[\/et_pb_text][\/et_pb_column][\/et_pb_row][et_pb_row admin_label=&#8221;Row&#8221;][et_pb_column type=&#8221;4_4&#8243;][et_pb_divider admin_label=&#8221;Divider&#8221; color=&#8221;#515151&#8243; show_divider=&#8221;on&#8221; divider_style=&#8221;solid&#8221; divider_position=&#8221;top&#8221; hide_on_mobile=&#8221;off&#8221;]<br \/>\n[\/et_pb_divider][\/et_pb_column][\/et_pb_row][et_pb_row admin_label=&#8221;Row&#8221;][et_pb_column type=&#8221;1_4&#8243;][et_pb_image admin_label=&#8221;Souvenir Visit Image&#8221; src=&#8221;http:\/\/34.253.136.193\/wp-content\/uploads\/2016\/02\/Screen-Shot-2016-02-21-at-11.01.59-e1456081570639.png&#8221; show_in_lightbox=&#8221;off&#8221; url=&#8221;http:\/\/34.253.136.193\/wp-content\/uploads\/2016\/02\/21PL-1C21-17-Souvenir-of-Vist-to-Kilmainham-1938.pdf&#8221; url_new_window=&#8221;on&#8221; animation=&#8221;off&#8221; sticky=&#8221;off&#8221; align=&#8221;center&#8221; force_fullwidth=&#8221;off&#8221; always_center_on_mobile=&#8221;on&#8221; use_border_color=&#8221;off&#8221; border_color=&#8221;#ffffff&#8221; border_style=&#8221;solid&#8221;]<br \/>\n[\/et_pb_image][\/et_pb_column][et_pb_column type=&#8221;3_4&#8243;][et_pb_text admin_label=&#8221;Text&#8221; background_layout=&#8221;light&#8221; text_orientation=&#8221;left&#8221; text_font_size=&#8221;14&#8243; use_border_color=&#8221;off&#8221; border_color=&#8221;#ffffff&#8221; border_style=&#8221;solid&#8221;]<\/p>\n<h4>Cuimhneach\u00e1n ar Chuairt go Pr\u00edos\u00fan Chill Mhaighneann, Meitheamh 1938<\/h4>\n<h6>21PL-1C21-17<\/h6>\n<p>Paimfl\u00e9ad cuimhneach\u00e1in ar chuairt go Pr\u00edos\u00fan Chill Mhaighneann a d\u2019eagraigh Cumann \u00d3glaigh na C\u00e1sga. Bh\u00ed an Pr\u00edos\u00fan d\u00fanta go hoifigi\u00fail \u00f3 1929.<\/p>\n<p>[\/et_pb_text][\/et_pb_column][\/et_pb_row][et_pb_row admin_label=&#8221;Row&#8221;][et_pb_column type=&#8221;4_4&#8243;][et_pb_divider admin_label=&#8221;Divider&#8221; color=&#8221;#515151&#8243; show_divider=&#8221;on&#8221; divider_style=&#8221;solid&#8221; divider_position=&#8221;top&#8221; hide_on_mobile=&#8221;off&#8221;]<br \/>\n[\/et_pb_divider][\/et_pb_column][\/et_pb_row][et_pb_row admin_label=&#8221;Row&#8221;][et_pb_column type=&#8221;1_4&#8243;][et_pb_image admin_label=&#8221;Kilmainham Meeting Report Image&#8221; src=&#8221;http:\/\/34.253.136.193\/wp-content\/uploads\/2016\/02\/Screen-Shot-2016-02-21-at-11.02.20-e1456081536681.png&#8221; show_in_lightbox=&#8221;off&#8221; url=&#8221;http:\/\/34.253.136.193\/wp-content\/uploads\/2016\/02\/KMGLM-2015.0333.01-2015.0333.06-The-Kilmainham-Meeting-Report.pdf&#8221; url_new_window=&#8221;on&#8221; animation=&#8221;off&#8221; sticky=&#8221;off&#8221; align=&#8221;center&#8221; force_fullwidth=&#8221;off&#8221; always_center_on_mobile=&#8221;on&#8221; use_border_color=&#8221;off&#8221; border_color=&#8221;#ffffff&#8221; border_style=&#8221;solid&#8221;]<br \/>\n[\/et_pb_image][\/et_pb_column][et_pb_column type=&#8221;3_4&#8243;][et_pb_text admin_label=&#8221;Text&#8221; background_layout=&#8221;light&#8221; text_orientation=&#8221;left&#8221; text_font_size=&#8221;14&#8243; use_border_color=&#8221;off&#8221; border_color=&#8221;#ffffff&#8221; border_style=&#8221;solid&#8221;]<\/p>\n<h4>\u2018The Kilmainham Meeting Report\u2019 le Lorcan Leonard, c.1961-2<\/h4>\n<h6>KMGLM 2015.0333.01-.06<\/h6>\n<p>Ba \u00e9 Lorcan Leonard a chuir le ch\u00e9ile \u2018The Kilmainham Meeting Report\u2019. Leagann s\u00e9 amach riocht an Phr\u00edos\u00fain i m\u00ed Bealtaine 1960 nuair a thosaigh Cumann Athch\u00f3irithe Phr\u00edos\u00fan Chill Mhaighneann ag obair, agus dul chun cinn na hoibre \u00f3 shin. [\/et_pb_text][\/et_pb_column][\/et_pb_row][\/et_pb_section][et_pb_section admin_label=&#8221;section&#8221; fullwidth=&#8221;off&#8221; specialty=&#8221;off&#8221; transparent_background=&#8221;off&#8221; background_color=&#8221;#754c00&#8243; inner_shadow=&#8221;off&#8221; parallax=&#8221;off&#8221; parallax_method=&#8221;off&#8221; allow_player_pause=&#8221;off&#8221; padding_mobile=&#8221;off&#8221; make_fullwidth=&#8221;off&#8221; use_custom_width=&#8221;off&#8221; width_unit=&#8221;on&#8221; make_equal=&#8221;off&#8221; use_custom_gutter=&#8221;off&#8221; gutter_width=&#8221;3&#8243;][et_pb_row admin_label=&#8221;row&#8221;][et_pb_column type=&#8221;4_4&#8243;][et_pb_text admin_label=&#8221;Genealogy Header Text&#8221; background_layout=&#8221;dark&#8221; text_orientation=&#8221;left&#8221; use_border_color=&#8221;off&#8221; border_color=&#8221;#ffffff&#8221; border_style=&#8221;solid&#8221; text_font_size=&#8221;14&#8243;]<\/p>\n<h1>Ginealas<\/h1>\n<p>[\/et_pb_text][\/et_pb_column][\/et_pb_row][\/et_pb_section][et_pb_section admin_label=&#8221;Section&#8221; fullwidth=&#8221;off&#8221; specialty=&#8221;off&#8221; transparent_background=&#8221;on&#8221; allow_player_pause=&#8221;off&#8221; inner_shadow=&#8221;off&#8221; parallax=&#8221;off&#8221; parallax_method=&#8221;off&#8221; padding_mobile=&#8221;off&#8221; make_fullwidth=&#8221;off&#8221; use_custom_width=&#8221;off&#8221; width_unit=&#8221;on&#8221; make_equal=&#8221;off&#8221; use_custom_gutter=&#8221;off&#8221; gutter_width=&#8221;3&#8243;][et_pb_row admin_label=&#8221;Row&#8221;][et_pb_column type=&#8221;4_4&#8243;][et_pb_text admin_label=&#8221;Genealogy Text&#8221; background_layout=&#8221;light&#8221; text_orientation=&#8221;left&#8221; text_font_size=&#8221;14&#8243; use_border_color=&#8221;off&#8221; border_color=&#8221;#ffffff&#8221; border_style=&#8221;solid&#8221;]<\/p>\n<h4>Pr\u00edos\u00fanaigh 1797-1910<\/h4>\n<p>T\u00e1 cl\u00e1ir an phr\u00edos\u00fain do Phr\u00edos\u00fan Chill Mhaighneann coime\u00e1dta i gCartlann N\u00e1isi\u00fanta na h\u00c9ireann, Sr\u00e1id an Easpaig, Baile \u00c1tha Cliath 8. T\u00e1 cl\u00e1ir ar f\u00e1il don tr\u00e9imhse 1797-1824 agus 1830-1910 agus is f\u00e9idir iad a chead\u00fa ar mhicreascann\u00e1n n\u00f3 ar an su\u00edomh ginealaigh ar l\u00edne, <a href=\"http:\/\/www.findmypast.ie\/\" target=\"_blank\">Find My Past<\/a>.<\/p>\n<p>T\u00e1 taifid na bpr\u00edos\u00fanach a d\u00edbr\u00edodh chun na hAstr\u00e1ile sa 19\u00fa haois le f\u00e1il i gCartlann N\u00e1isi\u00fanta na h\u00c9ireann chomh maith. Is f\u00e9idir teacht ar an eolas seo tr\u00ed bhunachar sonra\u00ed ar an <a href=\"http:\/\/www.nationalarchives.ie\/\" target=\"_blank\">su\u00edomh<\/a> idirl\u00edn acu.<\/p>\n<h4>Pr\u00edos\u00fanaigh Pholait\u00edochta, 1916-23<\/h4>\n<p>Stad Pr\u00edos\u00fan Chill Mhaighneann de bheith ag feidhmi\u00fa mar ghn\u00e1thphr\u00edos\u00fan in 1910. Athoscla\u00edodh \u00e9 ag tr\u00e9imhs\u00ed \u00e1irithe idir 1916-1924 mar phr\u00edos\u00fan don l\u00edon m\u00f3r pr\u00edos\u00fanach polait\u00edochta a gabhadh i rith \u00c9ir\u00ed Amach na C\u00e1sca 1916, Cogadh na Saoirse 1919-21 agus an Cogadh Cathartha 1922-23.<\/p>\n<p>Ar an drochuair, n\u00edor mhair cl\u00e1ir na bpr\u00edos\u00fanach do Phr\u00edos\u00fan Chill Mhaighneann \u00f3n tr\u00e9imhse seo. T\u00e1 M\u00fasaem Phr\u00edos\u00fan Chill Mhaighneann tar \u00e9is liosta\u00ed de phr\u00edos\u00fanaigh pholait\u00edochta \u00f3n tr\u00e9imhse seo a thioms\u00fa \u00f3 fhoins\u00ed \u00e9ags\u00fala, ach n\u00edl aon cheann de na liosta\u00ed sin ioml\u00e1n.<\/p>\n<p>M\u00e1 t\u00e1 eolas \u00e1 lorg agat faoi iarphr\u00edos\u00fanach polait\u00edochta ar leith a bh\u00ed i bPr\u00edos\u00fan Chill Mhaighneann, t\u00e9igh i dteagmh\u00e1il linn, le do thoil. Tabhair a oiread eolais agus is f\u00e9idir, le do thoil, sonra\u00ed faoi c\u00e1rbh as an duine agus faoi ghn\u00edomha\u00edochta\u00ed an duine sa tr\u00e9imhse 1916-23 san \u00e1ireamh.<\/p>\n<p>[\/et_pb_text][\/et_pb_column][\/et_pb_row][\/et_pb_section]<\/p>\n","protected":false},"excerpt":{"rendered":"<p>Acmhainn\u00ed T\u00e1 \u00e1thas orainn a bheith \u00e1balta roinnt c\u00e1ip\u00e9is\u00ed an-t\u00e1bhachtacha a bhaineann le Pr\u00edos\u00fan Chill Mhaighneann a chur ar f\u00e1il don phobal. Br\u00faigh ar \u00edomh\u00e1 an doicim\u00e9id chun teacht ar an PDF ioml\u00e1n ar f\u00e9idir a l\u00e9amh ar l\u00edne n\u00f3 a \u00edosl\u00f3d\u00e1\u00edl go dt\u00ed do r\u00edomhaire f\u00e9in. D\u00e9an tagairt do Mh\u00fasaem Phr\u00edos\u00fan Chill Mhaighneann in [&hellip;]<\/p>\n","protected":false},"author":8,"featured_media":0,"parent":0,"menu_order":0,"comment_status":"closed","ping_status":"closed","template":"","meta":{"_et_pb_use_builder":"on","_et_pb_old_content":"","_et_gb_content_width":"","footnotes":""},"class_list":["post-2569","page","type-page","status-publish","hentry"],"_links":{"self":[{"href":"https:\/\/www.kilmainhamgaolmuseum.ie\/ga\/wp-json\/wp\/v2\/pages\/2569","targetHints":{"allow":["GET"]}}],"collection":[{"href":"https:\/\/www.kilmainhamgaolmuseum.ie\/ga\/wp-json\/wp\/v2\/pages"}],"about":[{"href":"https:\/\/www.kilmainhamgaolmuseum.ie\/ga\/wp-json\/wp\/v2\/types\/page"}],"author":[{"embeddable":true,"href":"https:\/\/www.kilmainhamgaolmuseum.ie\/ga\/wp-json\/wp\/v2\/users\/8"}],"replies":[{"embeddable":true,"href":"https:\/\/www.kilmainhamgaolmuseum.ie\/ga\/wp-json\/wp\/v2\/comments?post=2569"}],"version-history":[{"count":2,"href":"https:\/\/www.kilmainhamgaolmuseum.ie\/ga\/wp-json\/wp\/v2\/pages\/2569\/revisions"}],"predecessor-version":[{"id":2571,"href":"https:\/\/www.kilmainhamgaolmuseum.ie\/ga\/wp-json\/wp\/v2\/pages\/2569\/revisions\/2571"}],"wp:attachment":[{"href":"https:\/\/www.kilmainhamgaolmuseum.ie\/ga\/wp-json\/wp\/v2\/media?parent=2569"}],"curies":[{"name":"wp","href":"https:\/\/api.w.org\/{rel}","templated":true}]}}