{"id":2549,"date":"2016-01-29T17:21:25","date_gmt":"2016-01-29T17:21:25","guid":{"rendered":"http:\/\/34.253.136.193\/ga\/transportation-depot\/"},"modified":"2025-08-19T13:47:26","modified_gmt":"2025-08-19T13:47:26","slug":"transportation-depot","status":"publish","type":"page","link":"https:\/\/www.kilmainhamgaolmuseum.ie\/ga\/transportation-depot\/","title":{"rendered":"D\u00edbirt"},"content":{"rendered":"<p>[et_pb_section admin_label=&#8221;section&#8221; fullwidth=&#8221;off&#8221; specialty=&#8221;off&#8221; transparent_background=&#8221;off&#8221; background_color=&#8221;#754c00&#8243; inner_shadow=&#8221;off&#8221; parallax=&#8221;off&#8221; parallax_method=&#8221;off&#8221; allow_player_pause=&#8221;off&#8221; padding_mobile=&#8221;off&#8221; make_fullwidth=&#8221;off&#8221; use_custom_width=&#8221;off&#8221; width_unit=&#8221;on&#8221; make_equal=&#8221;off&#8221; use_custom_gutter=&#8221;off&#8221; gutter_width=&#8221;3&#8243;][et_pb_row admin_label=&#8221;row&#8221;][et_pb_column type=&#8221;4_4&#8243;][et_pb_text admin_label=&#8221;Transportation Header Text&#8221; background_layout=&#8221;dark&#8221; text_orientation=&#8221;left&#8221; use_border_color=&#8221;off&#8221; border_color=&#8221;#ffffff&#8221; border_style=&#8221;solid&#8221; text_font_size=&#8221;14&#8243;]<\/p>\n<h1>D\u00edbirt<\/h1>\n<p>[\/et_pb_text][\/et_pb_column][\/et_pb_row][\/et_pb_section][et_pb_section admin_label=&#8221;Section&#8221; fullwidth=&#8221;off&#8221; specialty=&#8221;off&#8221; background_image=&#8221;http:\/\/www.kilmainhamgaolmuseum.ie\/wp-content\/uploads\/2016\/01\/au14.jpg&#8221; transparent_background=&#8221;off&#8221; allow_player_pause=&#8221;off&#8221; inner_shadow=&#8221;off&#8221; parallax=&#8221;off&#8221; parallax_method=&#8221;off&#8221; padding_mobile=&#8221;off&#8221; make_fullwidth=&#8221;off&#8221; use_custom_width=&#8221;off&#8221; width_unit=&#8221;on&#8221; make_equal=&#8221;off&#8221; use_custom_gutter=&#8221;off&#8221; gutter_width=&#8221;3&#8243;][et_pb_row admin_label=&#8221;Row&#8221;][et_pb_column type=&#8221;4_4&#8243;][et_pb_divider admin_label=&#8221;Divider&#8221; color=&#8221;#ffffff&#8221; show_divider=&#8221;off&#8221; height=&#8221;250&#8243; divider_style=&#8221;solid&#8221; divider_position=&#8221;top&#8221; hide_on_mobile=&#8221;off&#8221;] [\/et_pb_divider][\/et_pb_column][\/et_pb_row][\/et_pb_section][et_pb_section admin_label=&#8221;Section&#8221; fullwidth=&#8221;off&#8221; specialty=&#8221;off&#8221; transparent_background=&#8221;on&#8221; allow_player_pause=&#8221;off&#8221; inner_shadow=&#8221;off&#8221; parallax=&#8221;off&#8221; parallax_method=&#8221;off&#8221; padding_mobile=&#8221;off&#8221; make_fullwidth=&#8221;off&#8221; use_custom_width=&#8221;off&#8221; width_unit=&#8221;on&#8221; make_equal=&#8221;off&#8221; use_custom_gutter=&#8221;off&#8221; gutter_width=&#8221;3&#8243;][et_pb_row admin_label=&#8221;Row&#8221;][et_pb_column type=&#8221;4_4&#8243;][et_pb_text admin_label=&#8221;Text&#8221; background_layout=&#8221;light&#8221; text_orientation=&#8221;left&#8221; text_font_size=&#8221;14&#8243; use_border_color=&#8221;off&#8221; border_color=&#8221;#ffffff&#8221; border_style=&#8221;solid&#8221;]<\/p>\n<p class=\"p1\"><span class=\"s1\">\u00d3n uair a d\u2019oscail s\u00e9 go dt\u00ed t\u00fas na 1850id\u00ed, bh\u00ed Pr\u00edos\u00fan Chill Mhaighneann in \u00fas\u00e1id mar iosta do dhaor\u00e1naigh \u00f3 oirthuaisceart na h\u00c9ireann ar daoradh chun d\u00edbeartha chun na hAstr\u00e1ile iad. D\u2019fhanaid\u00eds anseo sula n-aistreofa\u00ed go dt\u00ed cuan i mBaile \u00c1tha Cliath n\u00f3 i gCorcaigh iad. Bh\u00ed na soith\u00ed ollmh\u00f3ra pr\u00edos\u00fanachta a sheolfadh go dt\u00ed coil\u00edneachta\u00ed pion\u00f3is na hAstr\u00e1ile rompu ansin. Is de bharr na h\u00fas\u00e1ide sin a bh\u00ed an pr\u00edos\u00fan chomh pl\u00f3daithe, agus bh\u00ed \u00fadar\u00e1is an phr\u00edos\u00fain ag gear\u00e1n de sh\u00edor nach bhf\u00e9adfa\u00ed an Pr\u00edos\u00fan a rith i gceart go dt\u00ed go gcuirf\u00ed iosta eile ar f\u00e1il ina \u00e1it. <\/span><\/p>\n<p class=\"p1\"><span class=\"s1\">Pr\u00f3ise\u00e1ladh os cionn 4,000 pr\u00edos\u00fanach tr\u00ed Chill Mhaighneann sa tr\u00e9imhse sin. Mionchoirpigh n\u00f3 pr\u00edos\u00fanaigh pholait\u00edochta ba ea a bhformh\u00f3r. Ghearrfa\u00ed t\u00e9arma seacht mbliana, ceithre bliana d\u00e9ag n\u00f3 saoil ar na daor\u00e1naigh de ghn\u00e1th. Roghna\u00edodh an Astr\u00e1il toisc go raibh s\u00e9 chomh fada \u00f3 bhaile; th\u00e1inig s\u00e9 in \u00e1it Mheirice\u00e1 Thuaidh mar l\u00e1thair phion\u00f3is nuair a tharla R\u00e9abhl\u00f3id Mheirice\u00e1. Ar sroicheadh na hAstr\u00e1ile d\u00f3ibh, chuirt\u00ed na pr\u00edos\u00fanaigh ag saothr\u00fa ar oibreacha poibl\u00ed n\u00f3 chuirt\u00ed faoi dhinti\u00far iad i mbun obair feirme n\u00f3 t\u00ed. Choime\u00e1dfa\u00ed mn\u00e1 i dtr\u00ed cinn d\u00e9ag de Mhonarchana Ban (ionaid t\u00e1irgeachta) chomh maith. Nuair a bh\u00ed t\u00e9arma an daor\u00e1naigh istigh bronnadh Teastas Saoirse orthu agus tugadh cead d\u00f3ibh fanacht san Astr\u00e1il mar dhuine saor n\u00f3 f\u00e1g\u00e1il agus dul abhaile.<\/span><\/p>\n<p>[\/et_pb_text][et_pb_image admin_label=&#8221;Transportation Yard Image&#8221; src=&#8221;http:\/\/www.kilmainhamgaolmuseum.ie\/wp-content\/uploads\/2016\/01\/Kilm0460-1.jpg&#8221; alt=&#8221;Mionsonra \u00f3 chl\u00e1r ginear\u00e1lta an phr\u00edos\u00fain. Cartlann N\u00e1isi\u00fanta na h\u00c9ireann.&#8221; title_text=&#8221;Mionsonra \u00f3 chl\u00e1r ginear\u00e1lta an phr\u00edos\u00fain. Cartlann N\u00e1isi\u00fanta na h\u00c9ireann.&#8221; show_in_lightbox=&#8221;on&#8221; url_new_window=&#8221;off&#8221; animation=&#8221;off&#8221; sticky=&#8221;off&#8221; align=&#8221;center&#8221; force_fullwidth=&#8221;off&#8221; always_center_on_mobile=&#8221;on&#8221; use_border_color=&#8221;off&#8221; border_color=&#8221;#ffffff&#8221; border_style=&#8221;solid&#8221;] [\/et_pb_image][\/et_pb_column][\/et_pb_row][et_pb_row admin_label=&#8221;Row&#8221;][et_pb_column type=&#8221;1_3&#8243;][et_pb_image admin_label=&#8221;Young Irelanders Image&#8221; src=&#8221;http:\/\/www.kilmainhamgaolmuseum.ie\/wp-content\/uploads\/2016\/01\/05PO-1H41-03_0620-2000web80.jpg&#8221; alt=&#8221;William Smith O\u2019Brien (suite) agus Thomas Francis Meagher (ag seasamh taobh leis an ngarda) gafa in 1848. \u00a9 Grianghraf le Simon Hill (le caoinchead OOP)&#8221; title_text=&#8221;William Smith O\u2019Brien (suite) agus Thomas Francis Meagher (ag seasamh taobh leis an ngarda) gafa in 1848. \u00a9 Grianghraf le Simon Hill (le caoinchead OOP)&#8221; show_in_lightbox=&#8221;on&#8221; url_new_window=&#8221;off&#8221; animation=&#8221;off&#8221; sticky=&#8221;off&#8221; align=&#8221;center&#8221; force_fullwidth=&#8221;off&#8221; always_center_on_mobile=&#8221;on&#8221; use_border_color=&#8221;off&#8221; border_color=&#8221;#ffffff&#8221; border_style=&#8221;solid&#8221;] [\/et_pb_image][\/et_pb_column][et_pb_column type=&#8221;2_3&#8243;][et_pb_text admin_label=&#8221;Text&#8221; background_layout=&#8221;light&#8221; text_orientation=&#8221;left&#8221; text_font_size=&#8221;14&#8243; use_border_color=&#8221;off&#8221; border_color=&#8221;#ffffff&#8221; border_style=&#8221;solid&#8221;]<\/p>\n<p class=\"p1\"><span class=\"s1\">Laghda\u00edt\u00ed an phianbhreith ar phr\u00edos\u00fanaigh pholait\u00edochta tr\u00ed iad a dh\u00edbirt go minic. B\u2019in an c\u00e1s do reibili\u00fanaigh agus do r\u00e9abhl\u00f3idithe i Sasana, san Albain, agus i gCeanada, chomh maith le h\u00c9irinn. Chomh luath leis an mbliain 1805, n\u00edos l\u00fa n\u00e1 deich mbliana tar \u00e9is oscailt Phr\u00edos\u00fan Chill Mhaighneann, d\u00edbr\u00edodh Michael Dwyer (1771-1815), ceannaire chraobh Chill Mhant\u00e1in de na h\u00c9ireannaigh Aontaithe, \u00f3 Chill Mhaighneann go dt\u00ed an Astr\u00e1il, agus a theaghlach ina theannta. Tar \u00e9is d\u00f3 a th\u00e9arma pr\u00edos\u00fanachta a chr\u00edochn\u00fa, liost\u00e1il s\u00e9 san fh\u00f3rsa p\u00f3il\u00edneachta amuigh ann.<\/span><\/p>\n<p class=\"p1\"><span class=\"s1\">Nuair a theip ar \u00c9ir\u00ed Amach \u00c9ire \u00d3g in 1848 gabhadh William Smith O\u2019Brien (1803-1864) agus Thomas Francis Meagher (1823-1867) agus coinn\u00edodh i gCill Mhaighneann iad. T\u00e1 picti\u00far d\u00edobh anseo, \u00e9 t\u00f3gtha sa Phr\u00edos\u00fan is d\u00f3cha. T\u00e1 Smith O\u2019Brien ina shu\u00ed agus Meagher ar thaobh a l\u00e1imhe cl\u00e9. Laghda\u00edodh an bhreith bh\u00e1is a bh\u00ed leagtha orthu go breith d\u00edbeartha, agus seoladh iad beirt chuig Cr\u00edoch Van Diemen. Chuir Smith O\u2019Brien a th\u00e9arma isteach agus d\u2019fhill s\u00e9 ar \u00c9irinn ina dhiaidh. D\u2019\u00e9irigh le Meagher \u00e9al\u00fa agus thaistil s\u00e9 go Meirice\u00e1, \u00e1it ar \u00e9irigh go maith leis i mBriog\u00e1id Nua-Eabhrac na n\u00c9ireannach. Ceapadh ina Ghobharn\u00f3ir Gn\u00edomhach ar Montana \u00e9 in imeacht ama.<\/span><\/p>\n<p>[\/et_pb_text][\/et_pb_column][\/et_pb_row][et_pb_row admin_label=&#8221;Row&#8221;][et_pb_column type=&#8221;4_4&#8243;][et_pb_divider admin_label=&#8221;Divider&#8221; color=&#8221;#515151&#8243; show_divider=&#8221;on&#8221; divider_style=&#8221;solid&#8221; divider_position=&#8221;top&#8221; hide_on_mobile=&#8221;off&#8221;] [\/et_pb_divider][\/et_pb_column][\/et_pb_row][et_pb_row admin_label=&#8221;Row&#8221;][et_pb_column type=&#8221;1_2&#8243;][et_pb_text admin_label=&#8221;Text&#8221; background_layout=&#8221;light&#8221; text_orientation=&#8221;left&#8221; text_font_size=&#8221;14&#8243; use_border_color=&#8221;off&#8221; border_color=&#8221;#ffffff&#8221; border_style=&#8221;solid&#8221;]<\/p>\n<p class=\"p1\"><span class=\"s1\">Th\u00e1inig deireadh le cleachtas na d\u00edbeartha chun na hAstr\u00e1ile ar deireadh toisc go raibh muintir na hAstr\u00e1ile f\u00e9in ag cur ina choinne. San ocht\u00f3 bliain a mhair s\u00e9 bh\u00ed os cionn 800 soitheach pr\u00edos\u00fanachta tar \u00e9is thart ar 164,000 pr\u00edos\u00fanach a thabhairt \u2018an loch amach\u2019. \u00c9ireannaigh ba ea an ceathr\u00fa cuid d\u00edobh si\u00fad. Tagann sliocht na bpr\u00edos\u00fanach a d\u00edbr\u00edodh \u00f3 iosta Chill Mhaighneann ar cuairt go dt\u00ed an Pr\u00edos\u00fan go minic ar na saolta seo.<\/span><\/p>\n<p>[\/et_pb_text][\/et_pb_column][et_pb_column type=&#8221;1_2&#8243;][et_pb_text admin_label=&#8221;Text&#8221; background_layout=&#8221;light&#8221; text_orientation=&#8221;left&#8221; text_font_size=&#8221;14&#8243; use_border_color=&#8221;off&#8221; border_color=&#8221;#ffffff&#8221; border_style=&#8221;solid&#8221;]<\/p>\n<h4>Nascanna \u00c1isi\u00fala<\/h4>\n<ul>\n<li><a href=\"https:\/\/www.nationalarchives.ie\/search-the-online-catalogue-ga\/simpli\/?lang=ga#!\/\" target=\"_blank\">Taifid ar dh\u00edbirt \u00f3 \u00c9irinn go dt\u00ed an Astr\u00e1il ag Cartlann N\u00e1isi\u00fanta na h\u00c9ireann<\/a><\/li>\n<li><a href=\"http:\/\/www.convictrecords.com.au\/\" target=\"_blank\">Taifid na nDaor\u00e1nach<\/a><\/li>\n<li><a href=\"http:\/\/www.nationalarchives.gov.uk\/help-with-your-research\/research-guides\/criminal-transportees-further-research\/\" target=\"_blank\">Criminal Transportees Research Guide, an Chartlann N\u00e1isi\u00fanta (an RA)<\/a><\/li>\n<li><a href=\"http:\/\/www.slq.qld.gov.au\/resources\/family-history\/convicts\" target=\"_blank\">Cl\u00e1ir na nD\u00edbirt\u00ed 1787-1871, Queensland<\/a><\/li>\n<li><a href=\"http:\/\/members.pcug.org.au\/~ppmay\/convicts.htm\" target=\"_blank\">Daor\u00e1naigh \u00c9ireannacha go New South Wales 1788-1849<\/a><\/li>\n<li><a href=\"http:\/\/www.records.nsw.gov.au\/state-archives\/guides-and-finding-aids\/nrs-lists\/nrs-5316\" target=\"_blank\">Liosta na bPaisin\u00e9ir\u00ed go New South Wales<\/a><\/li>\n<\/ul>\n<p>[\/et_pb_text][\/et_pb_column][\/et_pb_row][\/et_pb_section][et_pb_section admin_label=&#8221;section&#8221; fullwidth=&#8221;off&#8221; specialty=&#8221;off&#8221; transparent_background=&#8221;on&#8221; background_color=&#8221;#ffffff&#8221; inner_shadow=&#8221;off&#8221; parallax=&#8221;off&#8221; parallax_method=&#8221;off&#8221; allow_player_pause=&#8221;off&#8221; padding_mobile=&#8221;off&#8221; make_fullwidth=&#8221;off&#8221; use_custom_width=&#8221;off&#8221; width_unit=&#8221;on&#8221; make_equal=&#8221;off&#8221; use_custom_gutter=&#8221;off&#8221;][et_pb_row admin_label=&#8221;Row&#8221;][et_pb_column type=&#8221;4_4&#8243;][et_pb_divider admin_label=&#8221;Divider&#8221; color=&#8221;#515151&#8243; show_divider=&#8221;on&#8221; divider_style=&#8221;solid&#8221; divider_position=&#8221;top&#8221; hide_on_mobile=&#8221;off&#8221;] [\/et_pb_divider][\/et_pb_column][\/et_pb_row][et_pb_row admin_label=&#8221;Row&#8221;][et_pb_column type=&#8221;4_4&#8243;][et_pb_cta admin_label=&#8221;Call To Action&#8221; url_new_window=&#8221;off&#8221; use_background_color=&#8221;off&#8221; background_color=&#8221;#841a05&#8243; background_layout=&#8221;light&#8221; text_orientation=&#8221;center&#8221; header_font=&#8221;Droid Serif||||&#8221; header_font_size=&#8221;17&#8243; use_border_color=&#8221;off&#8221; border_color=&#8221;#ffffff&#8221; border_style=&#8221;solid&#8221; custom_button=&#8221;on&#8221; button_text_size=&#8221;15&#8243; button_border_width=&#8221;1&#8243; button_letter_spacing=&#8221;0&#8243; button_use_icon=&#8221;default&#8221; button_icon_placement=&#8221;right&#8221; button_on_hover=&#8221;on&#8221; button_letter_spacing_hover=&#8221;0&#8243; title=&#8221;L\u00e9igh faoi Bhosca D\u00edbeartha Sheahan at\u00e1 le feice\u00e1il sa Bhaili\u00fach\u00e1n.&#8221; button_url=&#8221;http:\/\/34.253.136.193\/ga\/collection\/&#8221; button_text=&#8221;Foghlaim Tuilleadh&#8221; body_font_size=&#8221;14&#8243; button_border_radius=&#8221;3&#8243; button_border_radius_hover=&#8221;3&#8243;] [\/et_pb_cta][\/et_pb_column][\/et_pb_row][\/et_pb_section]<\/p>\n","protected":false},"excerpt":{"rendered":"<p>D\u00edbirt \u00d3n uair a d\u2019oscail s\u00e9 go dt\u00ed t\u00fas na 1850id\u00ed, bh\u00ed Pr\u00edos\u00fan Chill Mhaighneann in \u00fas\u00e1id mar iosta do dhaor\u00e1naigh \u00f3 oirthuaisceart na h\u00c9ireann ar daoradh chun d\u00edbeartha chun na hAstr\u00e1ile iad. D\u2019fhanaid\u00eds anseo sula n-aistreofa\u00ed go dt\u00ed cuan i mBaile \u00c1tha Cliath n\u00f3 i gCorcaigh iad. Bh\u00ed na soith\u00ed ollmh\u00f3ra pr\u00edos\u00fanachta a sheolfadh [&hellip;]<\/p>\n","protected":false},"author":8,"featured_media":0,"parent":0,"menu_order":0,"comment_status":"closed","ping_status":"closed","template":"","meta":{"_et_pb_use_builder":"on","_et_pb_old_content":"","_et_gb_content_width":"","footnotes":""},"class_list":["post-2549","page","type-page","status-publish","hentry"],"_links":{"self":[{"href":"https:\/\/www.kilmainhamgaolmuseum.ie\/ga\/wp-json\/wp\/v2\/pages\/2549","targetHints":{"allow":["GET"]}}],"collection":[{"href":"https:\/\/www.kilmainhamgaolmuseum.ie\/ga\/wp-json\/wp\/v2\/pages"}],"about":[{"href":"https:\/\/www.kilmainhamgaolmuseum.ie\/ga\/wp-json\/wp\/v2\/types\/page"}],"author":[{"embeddable":true,"href":"https:\/\/www.kilmainhamgaolmuseum.ie\/ga\/wp-json\/wp\/v2\/users\/8"}],"replies":[{"embeddable":true,"href":"https:\/\/www.kilmainhamgaolmuseum.ie\/ga\/wp-json\/wp\/v2\/comments?post=2549"}],"version-history":[{"count":3,"href":"https:\/\/www.kilmainhamgaolmuseum.ie\/ga\/wp-json\/wp\/v2\/pages\/2549\/revisions"}],"predecessor-version":[{"id":5360,"href":"https:\/\/www.kilmainhamgaolmuseum.ie\/ga\/wp-json\/wp\/v2\/pages\/2549\/revisions\/5360"}],"wp:attachment":[{"href":"https:\/\/www.kilmainhamgaolmuseum.ie\/ga\/wp-json\/wp\/v2\/media?parent=2549"}],"curies":[{"name":"wp","href":"https:\/\/api.w.org\/{rel}","templated":true}]}}