{"id":2545,"date":"2014-10-22T10:33:47","date_gmt":"2014-10-22T10:33:47","guid":{"rendered":"http:\/\/34.253.136.193\/ga\/the-building\/"},"modified":"2025-08-19T13:33:58","modified_gmt":"2025-08-19T13:33:58","slug":"the-building","status":"publish","type":"page","link":"https:\/\/www.kilmainhamgaolmuseum.ie\/ga\/the-building\/","title":{"rendered":"An Foirgneamh"},"content":{"rendered":"<p>[et_pb_section admin_label=&#8221;section&#8221; fullwidth=&#8221;off&#8221; specialty=&#8221;off&#8221; transparent_background=&#8221;off&#8221; background_color=&#8221;#754c00&#8243; inner_shadow=&#8221;off&#8221; parallax=&#8221;off&#8221; parallax_method=&#8221;off&#8221; allow_player_pause=&#8221;off&#8221; padding_mobile=&#8221;off&#8221; make_fullwidth=&#8221;off&#8221; use_custom_width=&#8221;off&#8221; width_unit=&#8221;on&#8221; make_equal=&#8221;off&#8221; use_custom_gutter=&#8221;off&#8221; gutter_width=&#8221;3&#8243;][et_pb_row admin_label=&#8221;row&#8221;][et_pb_column type=&#8221;4_4&#8243;][et_pb_text admin_label=&#8221;The Building Header Text&#8221; background_layout=&#8221;dark&#8221; text_orientation=&#8221;left&#8221; use_border_color=&#8221;off&#8221; border_color=&#8221;#ffffff&#8221; border_style=&#8221;solid&#8221; text_font_size=&#8221;14&#8243;]<\/p>\n<h1>An Foirgneamh<\/h1>\n<p>[\/et_pb_text][\/et_pb_column][\/et_pb_row][\/et_pb_section][et_pb_section admin_label=&#8221;Section&#8221; fullwidth=&#8221;off&#8221; specialty=&#8221;off&#8221; background_image=&#8221;http:\/\/www.kilmainhamgaolmuseum.ie\/wp-content\/uploads\/2014\/10\/Kilmainham-OSI-1912.png&#8221; transparent_background=&#8221;off&#8221; allow_player_pause=&#8221;off&#8221; inner_shadow=&#8221;off&#8221; parallax=&#8221;off&#8221; parallax_method=&#8221;off&#8221; padding_mobile=&#8221;off&#8221; make_fullwidth=&#8221;off&#8221; use_custom_width=&#8221;off&#8221; width_unit=&#8221;on&#8221; make_equal=&#8221;off&#8221; use_custom_gutter=&#8221;off&#8221; gutter_width=&#8221;3&#8243;][et_pb_row admin_label=&#8221;Row&#8221;][et_pb_column type=&#8221;4_4&#8243;][et_pb_divider admin_label=&#8221;Divider&#8221; color=&#8221;#ffffff&#8221; show_divider=&#8221;off&#8221; height=&#8221;250&#8243; divider_style=&#8221;solid&#8221; divider_position=&#8221;top&#8221; hide_on_mobile=&#8221;off&#8221;] [\/et_pb_divider][\/et_pb_column][\/et_pb_row][\/et_pb_section][et_pb_section admin_label=&#8221;Section&#8221; fullwidth=&#8221;off&#8221; specialty=&#8221;off&#8221; transparent_background=&#8221;on&#8221; allow_player_pause=&#8221;off&#8221; inner_shadow=&#8221;off&#8221; parallax=&#8221;off&#8221; parallax_method=&#8221;off&#8221; padding_mobile=&#8221;off&#8221; make_fullwidth=&#8221;off&#8221; use_custom_width=&#8221;off&#8221; width_unit=&#8221;on&#8221; make_equal=&#8221;off&#8221; use_custom_gutter=&#8221;off&#8221; gutter_width=&#8221;3&#8243;][et_pb_row admin_label=&#8221;Row&#8221;][et_pb_column type=&#8221;1_2&#8243;][et_pb_text admin_label=&#8221;Text&#8221; background_layout=&#8221;light&#8221; text_orientation=&#8221;left&#8221; text_font_size=&#8221;14&#8243; use_border_color=&#8221;off&#8221; border_color=&#8221;#ffffff&#8221; border_style=&#8221;solid&#8221;]<\/p>\n<p class=\"p1\"><span class=\"s1\">Oscla\u00edodh Pr\u00edos\u00fan Chill Mhaighneann sa bhliain 1796. \u2018An Pr\u00edos\u00fan Nua\u2019 a baisteadh ar dt\u00fas air toisc gur th\u00e1inig s\u00e9 in \u00e1it seanphr\u00edos\u00fain a bh\u00ed lonnaithe thart ar an gceantar ina bhfuil Cnoc\u00e1n an Bhr\u00fanaigh sa l\u00e1 inniu. Amhail formh\u00f3r na bpr\u00edos\u00fan san ocht\u00fa haois d\u00e9ag, n\u00ed raibh m\u00f3r\u00e1n d\u2019ord n\u00e1 d\u2019eagar ar an bPr\u00edos\u00fan. Bh\u00ed fir, mn\u00e1 agus p\u00e1ist\u00ed \u00e1 gcoinne\u00e1il i mullach a ch\u00e9ile, bh\u00ed garda\u00ed an phr\u00edos\u00fain cru\u00e1lach, agus bh\u00ed na d\u00e1la\u00ed ann m\u00edfholl\u00e1in. Rinne an ghluaiseacht chun na pr\u00edos\u00fain a athch\u00f3iri\u00fa, faoi sti\u00fair John Howard (1727-1790), ag\u00f3id\u00edocht in aghaidh na d\u00e1la\u00ed seo agus thacaigh siad le hathr\u00fa go dt\u00ed cill\u00edn\u00ed aonair agus le h\u00e1iseanna a chothaigh sl\u00e1inteachas agus sl\u00e1inte.<\/span><\/p>\n<p>[\/et_pb_text][\/et_pb_column][et_pb_column type=&#8221;1_2&#8243;][et_pb_testimonial admin_label=&#8221;Testimonial&#8221; author=&#8221;Coiste Pharlaimint na h\u00c9ireann, Tuarasc\u00e1il 1782 (ar an seanphr\u00edos\u00fan)&#8221; url_new_window=&#8221;off&#8221; quote_icon=&#8221;on&#8221; use_background_color=&#8221;on&#8221; background_color=&#8221;#f5f5f5&#8243; background_layout=&#8221;light&#8221; text_orientation=&#8221;left&#8221; portrait_border_radius=&#8221;90&#8243; portrait_width=&#8221;90&#8243; portrait_height=&#8221;90&#8243; body_font_size=&#8221;14&#8243; use_border_color=&#8221;off&#8221; border_color=&#8221;#ffffff&#8221; border_style=&#8221;solid&#8221;]<\/p>\n<p>[This gaol is] extremely insecure, and in an unwholesome bad situation with narrow cells sunk underground, with no hospital. Through the windows of the prison the inmates conversed freely with acquaintances in the street from whom they procured instruments to assist escape. Spirits and all sorts of liquors were constantly served to the prisoners who were in a continual state of intoxication.<\/p>\n<p>[\/et_pb_testimonial][\/et_pb_column][\/et_pb_row][et_pb_row admin_label=&#8221;Row&#8221;][et_pb_column type=&#8221;4_4&#8243;][et_pb_divider admin_label=&#8221;Divider&#8221; color=&#8221;#515151&#8243; show_divider=&#8221;on&#8221; divider_style=&#8221;solid&#8221; divider_position=&#8221;top&#8221; hide_on_mobile=&#8221;off&#8221;] [\/et_pb_divider][\/et_pb_column][\/et_pb_row][et_pb_row admin_label=&#8221;Row&#8221;][et_pb_column type=&#8221;1_2&#8243;][et_pb_image admin_label=&#8221;Image&#8221; src=&#8221;http:\/\/www.kilmainhamgaolmuseum.ie\/wp-content\/uploads\/2016\/01\/Kilm0453-copy.jpg&#8221; alt=&#8221;William Ashford, \u2018A View of Dublin from Chapelizod\u2019 1795-1798 (mionsonra), ola ar chanbh\u00e1s, D\u00e1nlann N\u00e1isi\u00fanta na h\u00c9ireann.&#8221; title_text=&#8221;William Ashford, \u2018A View of Dublin from Chapelizod\u2019 1795-1798 (mionsonra), ola ar chanbh\u00e1s, D\u00e1nlann N\u00e1isi\u00fanta na h\u00c9ireann.&#8221; show_in_lightbox=&#8221;on&#8221; url_new_window=&#8221;off&#8221; animation=&#8221;off&#8221; sticky=&#8221;off&#8221; align=&#8221;center&#8221; force_fullwidth=&#8221;off&#8221; always_center_on_mobile=&#8221;on&#8221; use_border_color=&#8221;off&#8221; border_color=&#8221;#ffffff&#8221; border_style=&#8221;solid&#8221;] [\/et_pb_image][\/et_pb_column][et_pb_column type=&#8221;1_2&#8243;][et_pb_text admin_label=&#8221;Text&#8221; background_layout=&#8221;light&#8221; text_orientation=&#8221;left&#8221; text_font_size=&#8221;14&#8243; use_border_color=&#8221;off&#8221; border_color=&#8221;#ffffff&#8221; border_style=&#8221;solid&#8221;]<\/p>\n<p class=\"p1\"><span class=\"s1\">Tosa\u00edodh ar th\u00f3g\u00e1il an phr\u00edos\u00fain nua in 1786 agus chosain s\u00e9 \u00a322,000 ar Ard-Ghi\u00fair\u00e9 Chontae Bhaile \u00c1tha Cliath faoin tr\u00e1th ar cr\u00edochna\u00edodh \u00e9. John Trail (c. 1725-1801) ba ea an t-ailtire. Roghna\u00edodh Cnoc na Croiche mar l\u00e1thair, in aice le su\u00edomh an tseanphr\u00edos\u00fain. Talamh ard ba ea \u00ed agus chiallaigh s\u00e9 sin go mbeadh an draen\u00e1il n\u00edos fearr ann. Mar aon leis sin, ceapadh go gcabhr\u00f3dh s\u00e9 aer n\u00edos \u00faire a scaoileadh tr\u00edd an bpr\u00edos\u00fan. T\u00e1 an pr\u00edos\u00fan d\u00edreach t\u00f3gtha i bpicti\u00far Ashford, at\u00e1 le feice\u00e1il anseo. Bh\u00ed an d\u00e1 sciath\u00e1n bunaidh f\u00f3s ann agus bh\u00ed talamh f\u00e9arach le feice\u00e1il m\u00f3rthimpeall an tsu\u00edmh. Aolchloch agus eibhear a roghna\u00edodh mar \u00e1bhar an phr\u00edomhfhoirgnimh.<\/span><\/p>\n<p class=\"p1\"><span class=\"s1\">Bh\u00edodh c\u00f3na\u00ed ar gharda\u00ed an phr\u00edos\u00fain sa bhloc tosaigh i l\u00e1r baill agus bh\u00ed cill\u00edn\u00ed na bpr\u00edos\u00fanach sa d\u00e1 sciath\u00e1n ar an taobh. Pota\u00ed fuail sna cill\u00edn\u00ed a bh\u00ed mar \u00e1iseanna leithris acu. N\u00ed bh\u00edodh de theas agus de sholas sna cill\u00edn\u00ed ach coinnle, scaipthe anseo agus ansi\u00fad go f\u00e1nach (cuireadh solas g\u00e1is isteach sna 1840id\u00ed).<\/span><\/p>\n<p>[\/et_pb_text][\/et_pb_column][\/et_pb_row][et_pb_row admin_label=&#8221;Row&#8221;][et_pb_column type=&#8221;4_4&#8243;][et_pb_image admin_label=&#8221;Stonebreakers&#8217; Yard Image&#8221; src=&#8221;http:\/\/www.kilmainhamgaolmuseum.ie\/wp-content\/uploads\/2016\/01\/Kilm0463.jpg&#8221; alt=&#8221;Cl\u00f3s na mBristeoir\u00ed Cloch, Cartlann N\u00e1isi\u00fanta na h\u00c9ireann&#8221; title_text=&#8221;Cl\u00f3s na mBristeoir\u00ed Cloch, Cartlann N\u00e1isi\u00fanta na h\u00c9ireann&#8221; show_in_lightbox=&#8221;on&#8221; url_new_window=&#8221;off&#8221; animation=&#8221;off&#8221; sticky=&#8221;off&#8221; align=&#8221;center&#8221; force_fullwidth=&#8221;off&#8221; always_center_on_mobile=&#8221;on&#8221; use_border_color=&#8221;off&#8221; border_color=&#8221;#ffffff&#8221; border_style=&#8221;solid&#8221;] [\/et_pb_image][\/et_pb_column][\/et_pb_row][et_pb_row admin_label=&#8221;Row&#8221;][et_pb_column type=&#8221;1_3&#8243;][et_pb_image admin_label=&#8221;Panopticon Image&#8221; src=&#8221;http:\/\/www.kilmainhamgaolmuseum.ie\/wp-content\/uploads\/2016\/01\/Kilm0455.jpg&#8221; alt=&#8221; Sciath\u00e1n Thoir nua an Phr\u00edos\u00fain. OOP.&#8221; title_text=&#8221; Sciath\u00e1n Thoir nua an Phr\u00edos\u00fain. OOP.&#8221; show_in_lightbox=&#8221;on&#8221; url_new_window=&#8221;off&#8221; animation=&#8221;off&#8221; sticky=&#8221;off&#8221; align=&#8221;center&#8221; force_fullwidth=&#8221;off&#8221; always_center_on_mobile=&#8221;on&#8221; use_border_color=&#8221;off&#8221; border_color=&#8221;#ffffff&#8221; border_style=&#8221;solid&#8221;] [\/et_pb_image][\/et_pb_column][et_pb_column type=&#8221;2_3&#8243;][et_pb_text admin_label=&#8221;Text&#8221; background_layout=&#8221;light&#8221; text_orientation=&#8221;left&#8221; text_font_size=&#8221;14&#8243; use_border_color=&#8221;off&#8221; border_color=&#8221;#ffffff&#8221; border_style=&#8221;solid&#8221;]<\/p>\n<p class=\"p1\"><span class=\"s1\">T\u00e1 na foirgnimh agus na cl\u00f3is inmhe\u00e1nacha timpeallaithe ag balla tiubh, idir 30\u2019 agus 50\u2019 domhain ag brath ar an l\u00e1thair. Ba \u00e9 an doras suntasach an phr\u00edomhbhealach isteach. T\u00e1 c\u00faig arracht uaf\u00e1sach l\u00fabtha sa sp\u00e1s os a chionn. T\u00e1thar tar \u00e9is cur s\u00edos orthu seo mar dhragain, deamhain, ollph\u00e9isteanna agus hiodra. T\u00e1 s\u00e9 r\u00e1ite go seasann siad don ch\u00faig choir is measa: d\u00fanmhar\u00fa, \u00e9igni\u00fa, gada\u00edocht, tr\u00e9as, agus p\u00edor\u00e1ideacht. D\u00edreach taobh amuigh den bhealach isteach seo a tharl\u00f3dh an crochadh poibl\u00ed, n\u00f3s a lean ar aghaidh go dt\u00ed deireadh an nao\u00fa haois d\u00e9ag. T\u00e1 cuid de na daingne\u00e1in don chroch le feice\u00e1il go f\u00f3ill. Sna 1880id\u00ed a t\u00f3gadh na r\u00e1ill\u00ed at\u00e1 thart ar an sp\u00e1s seo inniu ar dt\u00fas.<\/span><\/p>\n<p class=\"p1\"><span class=\"s1\">Rinneadh at\u00f3g\u00e1il ioml\u00e1n ar an sciath\u00e1n thoir ag deireadh na 1850id\u00ed. John McCurdy ainm an ailtire a bhuaigh an com\u00f3rtas oscailte. M\u00e1isi\u00fan agus ailtire oifigi\u00fail Chol\u00e1iste na Tr\u00edon\u00f3ide, Baile \u00c1tha Cliath, ba ea \u00e9. Bh\u00ed c\u00f3ras nua beartaithe don sciath\u00e1n nua \u00f3n uair a f\u00f3gra\u00edodh an com\u00f3rtas in 1857. D\u2019oscail s\u00e9 ceithre bliana n\u00edos d\u00e9ana\u00ed agus bh\u00ed rian na smaointe an-\u00e9ags\u00fala a bh\u00ed sa bhfaisean i r\u00e9 Victoria le feice\u00e1il go soil\u00e9ir air. Is f\u00e9idir gach ceann den 96 cill\u00edn a fheice\u00e1il \u00f3 l\u00e1rionad breathn\u00f3ireachta, smaoineamh at\u00e1 bunaithe ar an Panopticon. Baineadh \u00fas\u00e1id mh\u00f3r as solas an lae, rud a bh\u00ed d\u2019aon ghn\u00f3 agus bunaithe ar an bhfeals\u00fanacht. Measadh go mbeadh inspior\u00e1id spiorad\u00e1lta le f\u00e1il ag na daor\u00e1naigh \u00f3n bhfuinneog d\u00edn ollmh\u00f3r, agus go spreagfadh fuinneoga na gcill\u00edn\u00ed, a bh\u00ed d\u00edreach r\u00f3-ard le f\u00e9achaint amach astu, na daor\u00e1naigh lena n-aghaidh a iomp\u00fa i dtreo na bhflaitheas. Faoi thalamh, ag leibh\u00e9al \u00edoslaigh sa sciath\u00e1n nua seo, bh\u00ed ceithre chill\u00edn leithlise ina gcoime\u00e1dfa\u00ed pr\u00edos\u00fanaigh i ng\u00e9ibheann dorcha agus aonarach.<\/span><\/p>\n<p>[\/et_pb_text][\/et_pb_column][\/et_pb_row][\/et_pb_section][et_pb_section admin_label=&#8221;section&#8221; fullwidth=&#8221;off&#8221; specialty=&#8221;off&#8221; transparent_background=&#8221;on&#8221; background_color=&#8221;#ffffff&#8221; inner_shadow=&#8221;off&#8221; parallax=&#8221;off&#8221; parallax_method=&#8221;off&#8221; allow_player_pause=&#8221;off&#8221; padding_mobile=&#8221;off&#8221; make_fullwidth=&#8221;off&#8221; use_custom_width=&#8221;off&#8221; width_unit=&#8221;on&#8221; make_equal=&#8221;off&#8221; use_custom_gutter=&#8221;off&#8221;][et_pb_row admin_label=&#8221;Row&#8221;][et_pb_column type=&#8221;4_4&#8243;][et_pb_divider admin_label=&#8221;Divider&#8221; color=&#8221;#515151&#8243; show_divider=&#8221;on&#8221; divider_style=&#8221;solid&#8221; divider_position=&#8221;top&#8221; hide_on_mobile=&#8221;off&#8221;] [\/et_pb_divider][\/et_pb_column][\/et_pb_row][et_pb_row admin_label=&#8221;Row&#8221;][et_pb_column type=&#8221;4_4&#8243;][et_pb_cta admin_label=&#8221;Call To Action&#8221; url_new_window=&#8221;off&#8221; use_background_color=&#8221;off&#8221; background_color=&#8221;#841a05&#8243; background_layout=&#8221;light&#8221; text_orientation=&#8221;center&#8221; header_font=&#8221;Droid Serif||||&#8221; header_font_size=&#8221;17&#8243; use_border_color=&#8221;off&#8221; border_color=&#8221;#ffffff&#8221; border_style=&#8221;solid&#8221; custom_button=&#8221;on&#8221; button_text_size=&#8221;15&#8243; button_border_width=&#8221;1&#8243; button_letter_spacing=&#8221;0&#8243; button_use_icon=&#8221;default&#8221; button_icon_placement=&#8221;right&#8221; button_on_hover=&#8221;on&#8221; button_letter_spacing_hover=&#8221;0&#8243; title=&#8221;Foghlaim faoi athch\u00f3iri\u00fa an fhoirgnimh san fichi\u00fa haois.&#8221; button_url=&#8221;http:\/\/34.253.136.193\/ga\/restoration\/&#8221; button_text=&#8221;Foghlaim tuilleadh&#8221; body_font_size=&#8221;14&#8243; button_border_radius=&#8221;3&#8243; button_border_radius_hover=&#8221;3&#8243;] [\/et_pb_cta][\/et_pb_column][\/et_pb_row][\/et_pb_section]<\/p>\n","protected":false},"excerpt":{"rendered":"<p>An Foirgneamh Oscla\u00edodh Pr\u00edos\u00fan Chill Mhaighneann sa bhliain 1796. \u2018An Pr\u00edos\u00fan Nua\u2019 a baisteadh ar dt\u00fas air toisc gur th\u00e1inig s\u00e9 in \u00e1it seanphr\u00edos\u00fain a bh\u00ed lonnaithe thart ar an gceantar ina bhfuil Cnoc\u00e1n an Bhr\u00fanaigh sa l\u00e1 inniu. Amhail formh\u00f3r na bpr\u00edos\u00fan san ocht\u00fa haois d\u00e9ag, n\u00ed raibh m\u00f3r\u00e1n d\u2019ord n\u00e1 d\u2019eagar ar an [&hellip;]<\/p>\n","protected":false},"author":8,"featured_media":0,"parent":0,"menu_order":0,"comment_status":"closed","ping_status":"closed","template":"","meta":{"_et_pb_use_builder":"on","_et_pb_old_content":"","_et_gb_content_width":"","footnotes":""},"class_list":["post-2545","page","type-page","status-publish","hentry"],"_links":{"self":[{"href":"https:\/\/www.kilmainhamgaolmuseum.ie\/ga\/wp-json\/wp\/v2\/pages\/2545","targetHints":{"allow":["GET"]}}],"collection":[{"href":"https:\/\/www.kilmainhamgaolmuseum.ie\/ga\/wp-json\/wp\/v2\/pages"}],"about":[{"href":"https:\/\/www.kilmainhamgaolmuseum.ie\/ga\/wp-json\/wp\/v2\/types\/page"}],"author":[{"embeddable":true,"href":"https:\/\/www.kilmainhamgaolmuseum.ie\/ga\/wp-json\/wp\/v2\/users\/8"}],"replies":[{"embeddable":true,"href":"https:\/\/www.kilmainhamgaolmuseum.ie\/ga\/wp-json\/wp\/v2\/comments?post=2545"}],"version-history":[{"count":3,"href":"https:\/\/www.kilmainhamgaolmuseum.ie\/ga\/wp-json\/wp\/v2\/pages\/2545\/revisions"}],"predecessor-version":[{"id":5338,"href":"https:\/\/www.kilmainhamgaolmuseum.ie\/ga\/wp-json\/wp\/v2\/pages\/2545\/revisions\/5338"}],"wp:attachment":[{"href":"https:\/\/www.kilmainhamgaolmuseum.ie\/ga\/wp-json\/wp\/v2\/media?parent=2545"}],"curies":[{"name":"wp","href":"https:\/\/api.w.org\/{rel}","templated":true}]}}